{"id":1024,"date":"2024-04-03T20:59:10","date_gmt":"2024-04-03T20:59:10","guid":{"rendered":"https:\/\/zaro.nl\/chalet-kaufen\/transport-und-umzug\/"},"modified":"2024-05-12T17:01:39","modified_gmt":"2024-05-12T17:01:39","slug":"transport-und-umzug","status":"publish","type":"page","link":"https:\/\/zaro.nl\/de\/chalet-kaufen\/transport-und-umzug\/","title":{"rendered":"TRANSPORT UND UMZUG"},"content":{"rendered":"<style>.elementor-1024 .elementor-element.elementor-element-3bf354d6 > .elementor-container > .elementor-column > .elementor-widget-wrap{align-content:center;align-items:center;}.elementor-1024 .elementor-element.elementor-element-3bf354d6:not(.elementor-motion-effects-element-type-background), .elementor-1024 .elementor-element.elementor-element-3bf354d6 > .elementor-motion-effects-container > .elementor-motion-effects-layer{background-image:url(\"https:\/\/zaro.nl\/wp-content\/uploads\/2024\/03\/Chalet-familie-ettema-3-2-e1574508637452.jpg\");background-position:0px 75%;background-repeat:no-repeat;background-size:cover;}.elementor-1024 .elementor-element.elementor-element-3bf354d6 > .elementor-background-overlay{background-color:#101010;opacity:0.4;transition:background 0.3s, border-radius 0.3s, opacity 0.3s;}.elementor-1024 .elementor-element.elementor-element-3bf354d6{transition:background 0.3s, border 0.3s, border-radius 0.3s, box-shadow 0.3s;margin-top:-86px;margin-bottom:0px;padding:170px 0px 100px 0px;}.elementor-1024 .elementor-element.elementor-element-65409db4 > .elementor-element-populated{padding:0px 0px 0px 0px;}.elementor-1024 .elementor-element.elementor-element-68b8cafc{text-align:start;}.elementor-1024 .elementor-element.elementor-element-68b8cafc .elementor-heading-title{font-family:var( --e-global-typography-secondary-font-family ), Sans-serif;font-size:var( --e-global-typography-secondary-font-size );font-weight:var( --e-global-typography-secondary-font-weight );color:#FFFFFF;}.elementor-1024 .elementor-element.elementor-element-52578a2c.elementor-column > .elementor-widget-wrap{justify-content:center;}.elementor-1024 .elementor-element.elementor-element-52578a2c > .elementor-element-populated{margin:250px 0px 0px 0px;--e-column-margin-right:0px;--e-column-margin-left:0px;padding:0px 10px 0px 10px;}.elementor-1024 .elementor-element.elementor-element-605f741e{padding:50px 0px 50px 0px;}.elementor-bc-flex-widget .elementor-1024 .elementor-element.elementor-element-281ee54b.elementor-column .elementor-widget-wrap{align-items:center;}.elementor-1024 .elementor-element.elementor-element-281ee54b.elementor-column.elementor-element[data-element_type=\"column\"] > .elementor-widget-wrap.elementor-element-populated{align-content:center;align-items:center;}.elementor-1024 .elementor-element.elementor-element-281ee54b > .elementor-element-populated{padding:0px 20px 0px 0px;}.elementor-1024 .elementor-element.elementor-element-2bb79e51 img{border-radius:5px 5px 5px 5px;}.elementor-1024 .elementor-element.elementor-element-7c741383{--e-image-carousel-slides-to-show:2;}.elementor-1024 .elementor-element.elementor-element-7c741383 .swiper-pagination-bullet{background:var( --e-global-color-primary );}.elementor-1024 .elementor-element.elementor-element-7c741383 .elementor-image-carousel-wrapper .elementor-image-carousel .swiper-slide-image{border-radius:5px 5px 5px 5px;}.elementor-bc-flex-widget .elementor-1024 .elementor-element.elementor-element-3ec25725.elementor-column .elementor-widget-wrap{align-items:center;}.elementor-1024 .elementor-element.elementor-element-3ec25725.elementor-column.elementor-element[data-element_type=\"column\"] > .elementor-widget-wrap.elementor-element-populated{align-content:center;align-items:center;}.elementor-1024 .elementor-element.elementor-element-3ec25725 > .elementor-element-populated{margin:0px 0px 0px 0px;--e-column-margin-right:0px;--e-column-margin-left:0px;}.elementor-1024 .elementor-element.elementor-element-d1c6d0f .elementor-button{background-color:var( --e-global-color-accent );font-family:var( --e-global-typography-3a551c0-font-family ), Sans-serif;font-size:var( --e-global-typography-3a551c0-font-size );font-weight:var( --e-global-typography-3a551c0-font-weight );fill:#FFFFFF;color:#FFFFFF;border-radius:5px 5px 5px 5px;padding:18px 32px 18px 32px;}.elementor-1024 .elementor-element.elementor-element-d1c6d0f > .elementor-widget-container{margin:0px 0px 0px 0px;}@media(max-width:1024px){.elementor-1024 .elementor-element.elementor-element-3bf354d6:not(.elementor-motion-effects-element-type-background), .elementor-1024 .elementor-element.elementor-element-3bf354d6 > .elementor-motion-effects-container > .elementor-motion-effects-layer{background-position:0px 0px;}.elementor-1024 .elementor-element.elementor-element-65409db4 > .elementor-element-populated{margin:0px 0px 0px 15px;--e-column-margin-right:0px;--e-column-margin-left:15px;}.elementor-1024 .elementor-element.elementor-element-68b8cafc .elementor-heading-title{font-size:var( --e-global-typography-secondary-font-size );}.elementor-1024 .elementor-element.elementor-element-52578a2c.elementor-column > .elementor-widget-wrap{justify-content:flex-end;}.elementor-1024 .elementor-element.elementor-element-52578a2c > .elementor-element-populated{padding:0px 20px 0px 0px;}.elementor-1024 .elementor-element.elementor-element-605f741e{padding:100px 15px 100px 15px;}.elementor-1024 .elementor-element.elementor-element-281ee54b > .elementor-element-populated{padding:0px 0px 0px 0px;}.elementor-1024 .elementor-element.elementor-element-7c741383{--e-image-carousel-slides-to-show:2;}.elementor-1024 .elementor-element.elementor-element-3ec25725 > .elementor-element-populated{margin:20px 0px 0px 0px;--e-column-margin-right:0px;--e-column-margin-left:0px;padding:0px 0px 0px 0px;}.elementor-1024 .elementor-element.elementor-element-d1c6d0f .elementor-button{font-size:var( --e-global-typography-3a551c0-font-size );}}@media(max-width:767px){.elementor-1024 .elementor-element.elementor-element-3bf354d6:not(.elementor-motion-effects-element-type-background), .elementor-1024 .elementor-element.elementor-element-3bf354d6 > .elementor-motion-effects-container > .elementor-motion-effects-layer{background-position:0px 0px;}.elementor-1024 .elementor-element.elementor-element-3bf354d6{padding:150px 10px 80px 10px;}.elementor-1024 .elementor-element.elementor-element-65409db4 > .elementor-element-populated{margin:0px 0px 0px 0px;--e-column-margin-right:0px;--e-column-margin-left:0px;}.elementor-1024 .elementor-element.elementor-element-68b8cafc .elementor-heading-title{font-size:var( --e-global-typography-secondary-font-size );}.elementor-1024 .elementor-element.elementor-element-52578a2c.elementor-column > .elementor-widget-wrap{justify-content:flex-end;}.elementor-1024 .elementor-element.elementor-element-52578a2c > .elementor-element-populated{margin:60px 15px 0px 0px;--e-column-margin-right:15px;--e-column-margin-left:0px;padding:0px 0px 0px 0px;}.elementor-1024 .elementor-element.elementor-element-605f741e{padding:100px 10px 100px 10px;}.elementor-1024 .elementor-element.elementor-element-281ee54b > .elementor-element-populated{padding:0px 0px 0px 0px;}.elementor-1024 .elementor-element.elementor-element-3ec25725 > .elementor-element-populated{margin:20px 0px 20px 0px;--e-column-margin-right:0px;--e-column-margin-left:0px;padding:0px 0px 0px 0px;}.elementor-1024 .elementor-element.elementor-element-d1c6d0f > .elementor-widget-container{margin:20px 0px 0px 0px;}.elementor-1024 .elementor-element.elementor-element-d1c6d0f .elementor-button{font-size:var( --e-global-typography-3a551c0-font-size );}}@media(min-width:768px){.elementor-1024 .elementor-element.elementor-element-65409db4{width:65.659%;}.elementor-1024 .elementor-element.elementor-element-52578a2c{width:34.302%;}}@media(max-width:1024px) and (min-width:768px){.elementor-1024 .elementor-element.elementor-element-281ee54b{width:100%;}.elementor-1024 .elementor-element.elementor-element-3ec25725{width:100%;}}<\/style>\t\t<div data-elementor-type=\"wp-page\" data-elementor-id=\"1024\" class=\"elementor elementor-1024\" data-elementor-post-type=\"page\">\n\t\t\t\t\t\t<section class=\"elementor-section elementor-top-section elementor-element elementor-element-3bf354d6 elementor-section-content-middle elementor-section-boxed elementor-section-height-default elementor-section-height-default\" data-id=\"3bf354d6\" data-element_type=\"section\" data-settings=\"{&quot;background_background&quot;:&quot;classic&quot;}\">\n\t\t\t\t\t\t\t<div class=\"elementor-background-overlay\"><\/div>\n\t\t\t\t\t\t\t<div class=\"elementor-container elementor-column-gap-default\">\n\t\t\t\t\t<div class=\"elementor-column elementor-col-50 elementor-top-column elementor-element elementor-element-65409db4\" data-id=\"65409db4\" data-element_type=\"column\">\n\t\t\t<div class=\"elementor-widget-wrap elementor-element-populated\">\n\t\t\t\t\t\t\t<\/div>\n\t\t<\/div>\n\t\t\t\t<div class=\"elementor-column elementor-col-50 elementor-top-column elementor-element elementor-element-52578a2c\" data-id=\"52578a2c\" data-element_type=\"column\">\n\t\t\t<div class=\"elementor-widget-wrap\">\n\t\t\t\t\t\t\t<\/div>\n\t\t<\/div>\n\t\t\t\t\t<\/div>\n\t\t<\/section>\n\t\t\t\t<section class=\"elementor-section elementor-top-section elementor-element elementor-element-605f741e elementor-section-boxed elementor-section-height-default elementor-section-height-default\" data-id=\"605f741e\" data-element_type=\"section\">\n\t\t\t\t\t\t<div class=\"elementor-container elementor-column-gap-default\">\n\t\t\t\t\t<div class=\"elementor-column elementor-col-50 elementor-top-column elementor-element elementor-element-281ee54b\" data-id=\"281ee54b\" data-element_type=\"column\">\n\t\t\t<div class=\"elementor-widget-wrap elementor-element-populated\">\n\t\t\t\t\t\t<div class=\"elementor-element elementor-element-2bb79e51 elementor-widget elementor-widget-image\" data-id=\"2bb79e51\" data-element_type=\"widget\" data-widget_type=\"image.default\">\n\t\t\t\t<div class=\"elementor-widget-container\">\n\t\t\t\t\t\t\t\t\t\t\t\t\t\t\t<img fetchpriority=\"high\" decoding=\"async\" width=\"534\" height=\"463\" src=\"https:\/\/zaro.nl\/wp-content\/uploads\/2024\/04\/MG_8233-e1575714209852.jpg\" class=\"attachment-full size-full wp-image-278\" alt=\"\" srcset=\"https:\/\/zaro.nl\/wp-content\/uploads\/2024\/04\/MG_8233-e1575714209852.jpg 534w, https:\/\/zaro.nl\/wp-content\/uploads\/2024\/04\/MG_8233-e1575714209852-300x260.jpg 300w\" sizes=\"(max-width: 534px) 100vw, 534px\" \/>\t\t\t\t\t\t\t\t\t\t\t\t\t\t\t<\/div>\n\t\t\t\t<\/div>\n\t\t\t\t<div class=\"elementor-element elementor-element-7c741383 elementor-pagination-position-outside elementor-widget elementor-widget-image-carousel\" data-id=\"7c741383\" data-element_type=\"widget\" data-settings=\"{&quot;slides_to_show&quot;:&quot;2&quot;,&quot;navigation&quot;:&quot;dots&quot;,&quot;slides_to_show_tablet&quot;:&quot;2&quot;,&quot;autoplay&quot;:&quot;yes&quot;,&quot;pause_on_hover&quot;:&quot;yes&quot;,&quot;pause_on_interaction&quot;:&quot;yes&quot;,&quot;autoplay_speed&quot;:5000,&quot;infinite&quot;:&quot;yes&quot;,&quot;speed&quot;:500,&quot;image_spacing_custom&quot;:{&quot;unit&quot;:&quot;px&quot;,&quot;size&quot;:20,&quot;sizes&quot;:[]},&quot;image_spacing_custom_tablet&quot;:{&quot;unit&quot;:&quot;px&quot;,&quot;size&quot;:&quot;&quot;,&quot;sizes&quot;:[]},&quot;image_spacing_custom_mobile&quot;:{&quot;unit&quot;:&quot;px&quot;,&quot;size&quot;:&quot;&quot;,&quot;sizes&quot;:[]}}\" data-widget_type=\"image-carousel.default\">\n\t\t\t\t<div class=\"elementor-widget-container\">\n\t\t\t\t\t\t\t<div class=\"elementor-image-carousel-wrapper swiper\" role=\"region\" aria-roledescription=\"carousel\" aria-label=\"Bild Karussell\" dir=\"ltr\">\n\t\t\t<div class=\"elementor-image-carousel swiper-wrapper\" aria-live=\"off\">\n\t\t\t\t\t\t\t\t<div class=\"swiper-slide\" role=\"group\" aria-roledescription=\"slide\" aria-label=\"1 von 4\"><figure class=\"swiper-slide-inner\"><img decoding=\"async\" class=\"swiper-slide-image\" src=\"https:\/\/zaro.nl\/wp-content\/uploads\/2024\/04\/image13-768x476-1.png\" alt=\"image13-768x476\" \/><\/figure><\/div><div class=\"swiper-slide\" role=\"group\" aria-roledescription=\"slide\" aria-label=\"2 von 4\"><figure class=\"swiper-slide-inner\"><img decoding=\"async\" class=\"swiper-slide-image\" src=\"https:\/\/zaro.nl\/wp-content\/uploads\/2024\/04\/image30-768x476-1.png\" alt=\"image30-768x476\" \/><\/figure><\/div><div class=\"swiper-slide\" role=\"group\" aria-roledescription=\"slide\" aria-label=\"3 von 4\"><figure class=\"swiper-slide-inner\"><img decoding=\"async\" class=\"swiper-slide-image\" src=\"https:\/\/zaro.nl\/wp-content\/uploads\/2024\/04\/image21-768x476-1.png\" alt=\"image21-768x476\" \/><\/figure><\/div><div class=\"swiper-slide\" role=\"group\" aria-roledescription=\"slide\" aria-label=\"4 von 4\"><figure class=\"swiper-slide-inner\"><img decoding=\"async\" class=\"swiper-slide-image\" src=\"https:\/\/zaro.nl\/wp-content\/uploads\/2024\/04\/image22-768x476-1.png\" alt=\"image22-768x476\" \/><\/figure><\/div>\t\t\t<\/div>\n\t\t\t\t\t\t\t\n\t\t\t\t\t\t\t\t\t<div class=\"swiper-pagination\"><\/div>\n\t\t\t\t\t\t\t\t\t<\/div>\n\t\t\t\t\t\t<\/div>\n\t\t\t\t<\/div>\n\t\t\t\t\t<\/div>\n\t\t<\/div>\n\t\t\t\t<div class=\"elementor-column elementor-col-50 elementor-top-column elementor-element elementor-element-3ec25725\" data-id=\"3ec25725\" data-element_type=\"column\">\n\t\t\t<div class=\"elementor-widget-wrap elementor-element-populated\">\n\t\t\t\t\t\t<div class=\"elementor-element elementor-element-4ed72a6 elementor-widget elementor-widget-text-editor\" data-id=\"4ed72a6\" data-element_type=\"widget\" data-widget_type=\"text-editor.default\">\n\t\t\t\t<div class=\"elementor-widget-container\">\n\t\t\t\t\t\t\t\t\t<h3><strong>Transport, Platzierung und Einstellung<\/strong><\/h3>\n<p>Um Ihr Chalet zum vereinbarten Termin korrekt abzuliefern, besch\u00e4ftigen wir speziell geschulte Mitarbeiter, die Ihr Chalet vom Transport bis zum endg\u00fcltigen Aufstellen \u00fcberwachen. Unsere Transportspezialisten verf\u00fcgen \u00fcber jahrelange Erfahrung und Kenntnisse, sodass wir Ihnen stets die beste Qualit\u00e4t garantieren k\u00f6nnen. Alles wird bis ins kleinste Detail organisiert und \u00fcberwacht, damit Ihr Chalet am richtigen Ort ankommt. Die Routen werden festgelegt und die notwendigen Materialien werden besorgt.   <\/p>\n<p>Ein wichtiger Aspekt, wenn Sie Ihr Chalet beispielsweise auf einem Campingplatz aufstellen, ist der Kontakt mit den Eigent\u00fcmern dieses Campingplatzes. Denn der Transport betrifft auch das Land der Campingplatzbesitzer. Wir informieren sie und beraten uns mit den Eigent\u00fcmern. Wenn die Eigent\u00fcmer bestimmte Richtlinien weitergeben, arbeiten wir nach diesen Richtlinien.    <\/p>\n<h3><strong>Transportpreise<\/strong><\/h3>\n<p>Der Preis, den Sie f\u00fcr Ihr neues Chalet bezahlen, beinhaltet immer die Transportkosten. Dazu geh\u00f6ren: Stra\u00dfentransport, Montage und Regalbau. <br \/>Wenn wir Ihr Chalet auf dem Wasser- oder Luftweg transportieren, werden Sie nicht \u00fcberrascht sein. Denn diese Preise werden im Voraus berechnet.  <\/p>\n<p>Transporte ins Wattengebiet und ins Ausland sind nach Absprache m\u00f6glich. Wir schauen uns die M\u00f6glichkeiten gemeinsam an und besprechen mit unseren Transportspezialisten Ihren m\u00f6glichen Standort und dessen Erreichbarkeit. An schwer zug\u00e4nglichen Orten sind wir oft auf mehrere Parteien angewiesen. Wir sprechen mit ihnen, bringen sie zusammen und bieten eine L\u00f6sung an. Im Laufe der Jahre hat Zaro mehrere Chalets \u00fcber die Grenze geliefert und installiert.    <\/p>\n\t\t\t\t\t\t\t\t<\/div>\n\t\t\t\t<\/div>\n\t\t\t\t<div class=\"elementor-element elementor-element-d1c6d0f elementor-align-center elementor-mobile-align-center elementor-widget elementor-widget-button\" data-id=\"d1c6d0f\" data-element_type=\"widget\" data-widget_type=\"button.default\">\n\t\t\t\t<div class=\"elementor-widget-container\">\n\t\t\t\t\t\t\t\t\t<div class=\"elementor-button-wrapper\">\n\t\t\t\t\t<a class=\"elementor-button elementor-button-link elementor-size-sm elementor-animation-shrink\" href=\"https:\/\/zaro.nl\/contact\/\">\n\t\t\t\t\t\t<span class=\"elementor-button-content-wrapper\">\n\t\t\t\t\t\t\t\t\t<span class=\"elementor-button-text\">Kontakt<\/span>\n\t\t\t\t\t<\/span>\n\t\t\t\t\t<\/a>\n\t\t\t\t<\/div>\n\t\t\t\t\t\t\t\t<\/div>\n\t\t\t\t<\/div>\n\t\t\t\t\t<\/div>\n\t\t<\/div>\n\t\t\t\t\t<\/div>\n\t\t<\/section>\n\t\t\t\t<\/div>\n\t\t","protected":false},"excerpt":{"rendered":"<p>Transport, Platzierung und Einstellung Um Ihr Chalet zum vereinbarten Termin korrekt abzuliefern, besch\u00e4ftigen wir speziell geschulte Mitarbeiter, die Ihr Chalet vom Transport bis zum endg\u00fcltigen Aufstellen \u00fcberwachen. Unsere Transportspezialisten verf\u00fcgen \u00fcber jahrelange Erfahrung und Kenntnisse, sodass wir Ihnen stets die beste Qualit\u00e4t garantieren k\u00f6nnen. Alles wird bis ins kleinste Detail organisiert und \u00fcberwacht, damit Ihr [&hellip;]<\/p>\n","protected":false},"author":1,"featured_media":0,"parent":1004,"menu_order":0,"comment_status":"closed","ping_status":"closed","template":"elementor_header_footer","meta":{"footnotes":""},"class_list":["post-1024","page","type-page","status-publish","hentry"],"yoast_head":"<!-- This site is optimized with the Yoast SEO plugin v26.8 - https:\/\/yoast.com\/product\/yoast-seo-wordpress\/ -->\n<title>TRANSPORT UND UMZUG - Zaro<\/title>\n<meta name=\"robots\" content=\"index, follow, max-snippet:-1, max-image-preview:large, max-video-preview:-1\" \/>\n<link rel=\"canonical\" href=\"https:\/\/zaro.nl\/de\/chalet-kaufen\/transport-und-umzug\/\" \/>\n<meta property=\"og:locale\" content=\"de_DE\" \/>\n<meta property=\"og:type\" content=\"article\" \/>\n<meta property=\"og:title\" content=\"TRANSPORT UND UMZUG - Zaro\" \/>\n<meta property=\"og:description\" content=\"Transport, Platzierung und Einstellung Um Ihr Chalet zum vereinbarten Termin korrekt abzuliefern, besch\u00e4ftigen wir speziell geschulte Mitarbeiter, die Ihr Chalet vom Transport bis zum endg\u00fcltigen Aufstellen \u00fcberwachen. Unsere Transportspezialisten verf\u00fcgen \u00fcber jahrelange Erfahrung und Kenntnisse, sodass wir Ihnen stets die beste Qualit\u00e4t garantieren k\u00f6nnen. Alles wird bis ins kleinste Detail organisiert und \u00fcberwacht, damit Ihr [&hellip;]\" \/>\n<meta property=\"og:url\" content=\"https:\/\/zaro.nl\/de\/chalet-kaufen\/transport-und-umzug\/\" \/>\n<meta property=\"og:site_name\" content=\"Zaro\" \/>\n<meta property=\"article:modified_time\" content=\"2024-05-12T17:01:39+00:00\" \/>\n<meta property=\"og:image\" content=\"https:\/\/zaro.nl\/wp-content\/uploads\/2024\/04\/MG_8233-e1575714209852.jpg\" \/>\n<meta name=\"twitter:card\" content=\"summary_large_image\" \/>\n<meta name=\"twitter:label1\" content=\"Gesch\u00e4tzte Lesezeit\" \/>\n\t<meta name=\"twitter:data1\" content=\"1\u00a0Minute\" \/>\n<script type=\"application\/ld+json\" class=\"yoast-schema-graph\">{\"@context\":\"https:\/\/schema.org\",\"@graph\":[{\"@type\":\"WebPage\",\"@id\":\"https:\/\/zaro.nl\/de\/chalet-kaufen\/transport-und-umzug\/\",\"url\":\"https:\/\/zaro.nl\/de\/chalet-kaufen\/transport-und-umzug\/\",\"name\":\"TRANSPORT UND UMZUG - Zaro\",\"isPartOf\":{\"@id\":\"https:\/\/zaro.nl\/#website\"},\"primaryImageOfPage\":{\"@id\":\"https:\/\/zaro.nl\/de\/chalet-kaufen\/transport-und-umzug\/#primaryimage\"},\"image\":{\"@id\":\"https:\/\/zaro.nl\/de\/chalet-kaufen\/transport-und-umzug\/#primaryimage\"},\"thumbnailUrl\":\"https:\/\/zaro.nl\/wp-content\/uploads\/2024\/04\/MG_8233-e1575714209852.jpg\",\"datePublished\":\"2024-04-03T20:59:10+00:00\",\"dateModified\":\"2024-05-12T17:01:39+00:00\",\"breadcrumb\":{\"@id\":\"https:\/\/zaro.nl\/de\/chalet-kaufen\/transport-und-umzug\/#breadcrumb\"},\"inLanguage\":\"de\",\"potentialAction\":[{\"@type\":\"ReadAction\",\"target\":[\"https:\/\/zaro.nl\/de\/chalet-kaufen\/transport-und-umzug\/\"]}]},{\"@type\":\"ImageObject\",\"inLanguage\":\"de\",\"@id\":\"https:\/\/zaro.nl\/de\/chalet-kaufen\/transport-und-umzug\/#primaryimage\",\"url\":\"https:\/\/zaro.nl\/wp-content\/uploads\/2024\/04\/MG_8233-e1575714209852.jpg\",\"contentUrl\":\"https:\/\/zaro.nl\/wp-content\/uploads\/2024\/04\/MG_8233-e1575714209852.jpg\"},{\"@type\":\"BreadcrumbList\",\"@id\":\"https:\/\/zaro.nl\/de\/chalet-kaufen\/transport-und-umzug\/#breadcrumb\",\"itemListElement\":[{\"@type\":\"ListItem\",\"position\":1,\"name\":\"Home\",\"item\":\"https:\/\/zaro.nl\/de\/\"},{\"@type\":\"ListItem\",\"position\":2,\"name\":\"Chalet Kaufen\",\"item\":\"https:\/\/zaro.nl\/de\/chalet-kaufen\/\"},{\"@type\":\"ListItem\",\"position\":3,\"name\":\"TRANSPORT UND UMZUG\"}]},{\"@type\":\"WebSite\",\"@id\":\"https:\/\/zaro.nl\/#website\",\"url\":\"https:\/\/zaro.nl\/\",\"name\":\"Zaro\",\"description\":\"Chaletbouw\",\"publisher\":{\"@id\":\"https:\/\/zaro.nl\/#organization\"},\"potentialAction\":[{\"@type\":\"SearchAction\",\"target\":{\"@type\":\"EntryPoint\",\"urlTemplate\":\"https:\/\/zaro.nl\/?s={search_term_string}\"},\"query-input\":{\"@type\":\"PropertyValueSpecification\",\"valueRequired\":true,\"valueName\":\"search_term_string\"}}],\"inLanguage\":\"de\"},{\"@type\":\"Organization\",\"@id\":\"https:\/\/zaro.nl\/#organization\",\"name\":\"Zaro\",\"url\":\"https:\/\/zaro.nl\/\",\"logo\":{\"@type\":\"ImageObject\",\"inLanguage\":\"de\",\"@id\":\"https:\/\/zaro.nl\/#\/schema\/logo\/image\/\",\"url\":\"https:\/\/zaro.nl\/wp-content\/uploads\/2024\/04\/cropped-favicon-32x32-1.png\",\"contentUrl\":\"https:\/\/zaro.nl\/wp-content\/uploads\/2024\/04\/cropped-favicon-32x32-1.png\",\"width\":32,\"height\":32,\"caption\":\"Zaro\"},\"image\":{\"@id\":\"https:\/\/zaro.nl\/#\/schema\/logo\/image\/\"}}]}<\/script>\n<!-- \/ Yoast SEO plugin. -->","yoast_head_json":{"title":"TRANSPORT UND UMZUG - Zaro","robots":{"index":"index","follow":"follow","max-snippet":"max-snippet:-1","max-image-preview":"max-image-preview:large","max-video-preview":"max-video-preview:-1"},"canonical":"https:\/\/zaro.nl\/de\/chalet-kaufen\/transport-und-umzug\/","og_locale":"de_DE","og_type":"article","og_title":"TRANSPORT UND UMZUG - Zaro","og_description":"Transport, Platzierung und Einstellung Um Ihr Chalet zum vereinbarten Termin korrekt abzuliefern, besch\u00e4ftigen wir speziell geschulte Mitarbeiter, die Ihr Chalet vom Transport bis zum endg\u00fcltigen Aufstellen \u00fcberwachen. Unsere Transportspezialisten verf\u00fcgen \u00fcber jahrelange Erfahrung und Kenntnisse, sodass wir Ihnen stets die beste Qualit\u00e4t garantieren k\u00f6nnen. Alles wird bis ins kleinste Detail organisiert und \u00fcberwacht, damit Ihr [&hellip;]","og_url":"https:\/\/zaro.nl\/de\/chalet-kaufen\/transport-und-umzug\/","og_site_name":"Zaro","article_modified_time":"2024-05-12T17:01:39+00:00","og_image":[{"url":"https:\/\/zaro.nl\/wp-content\/uploads\/2024\/04\/MG_8233-e1575714209852.jpg","type":"","width":"","height":""}],"twitter_card":"summary_large_image","twitter_misc":{"Gesch\u00e4tzte Lesezeit":"1\u00a0Minute"},"schema":{"@context":"https:\/\/schema.org","@graph":[{"@type":"WebPage","@id":"https:\/\/zaro.nl\/de\/chalet-kaufen\/transport-und-umzug\/","url":"https:\/\/zaro.nl\/de\/chalet-kaufen\/transport-und-umzug\/","name":"TRANSPORT UND UMZUG - Zaro","isPartOf":{"@id":"https:\/\/zaro.nl\/#website"},"primaryImageOfPage":{"@id":"https:\/\/zaro.nl\/de\/chalet-kaufen\/transport-und-umzug\/#primaryimage"},"image":{"@id":"https:\/\/zaro.nl\/de\/chalet-kaufen\/transport-und-umzug\/#primaryimage"},"thumbnailUrl":"https:\/\/zaro.nl\/wp-content\/uploads\/2024\/04\/MG_8233-e1575714209852.jpg","datePublished":"2024-04-03T20:59:10+00:00","dateModified":"2024-05-12T17:01:39+00:00","breadcrumb":{"@id":"https:\/\/zaro.nl\/de\/chalet-kaufen\/transport-und-umzug\/#breadcrumb"},"inLanguage":"de","potentialAction":[{"@type":"ReadAction","target":["https:\/\/zaro.nl\/de\/chalet-kaufen\/transport-und-umzug\/"]}]},{"@type":"ImageObject","inLanguage":"de","@id":"https:\/\/zaro.nl\/de\/chalet-kaufen\/transport-und-umzug\/#primaryimage","url":"https:\/\/zaro.nl\/wp-content\/uploads\/2024\/04\/MG_8233-e1575714209852.jpg","contentUrl":"https:\/\/zaro.nl\/wp-content\/uploads\/2024\/04\/MG_8233-e1575714209852.jpg"},{"@type":"BreadcrumbList","@id":"https:\/\/zaro.nl\/de\/chalet-kaufen\/transport-und-umzug\/#breadcrumb","itemListElement":[{"@type":"ListItem","position":1,"name":"Home","item":"https:\/\/zaro.nl\/de\/"},{"@type":"ListItem","position":2,"name":"Chalet Kaufen","item":"https:\/\/zaro.nl\/de\/chalet-kaufen\/"},{"@type":"ListItem","position":3,"name":"TRANSPORT UND UMZUG"}]},{"@type":"WebSite","@id":"https:\/\/zaro.nl\/#website","url":"https:\/\/zaro.nl\/","name":"Zaro","description":"Chaletbouw","publisher":{"@id":"https:\/\/zaro.nl\/#organization"},"potentialAction":[{"@type":"SearchAction","target":{"@type":"EntryPoint","urlTemplate":"https:\/\/zaro.nl\/?s={search_term_string}"},"query-input":{"@type":"PropertyValueSpecification","valueRequired":true,"valueName":"search_term_string"}}],"inLanguage":"de"},{"@type":"Organization","@id":"https:\/\/zaro.nl\/#organization","name":"Zaro","url":"https:\/\/zaro.nl\/","logo":{"@type":"ImageObject","inLanguage":"de","@id":"https:\/\/zaro.nl\/#\/schema\/logo\/image\/","url":"https:\/\/zaro.nl\/wp-content\/uploads\/2024\/04\/cropped-favicon-32x32-1.png","contentUrl":"https:\/\/zaro.nl\/wp-content\/uploads\/2024\/04\/cropped-favicon-32x32-1.png","width":32,"height":32,"caption":"Zaro"},"image":{"@id":"https:\/\/zaro.nl\/#\/schema\/logo\/image\/"}}]}},"_links":{"self":[{"href":"https:\/\/zaro.nl\/de\/wp-json\/wp\/v2\/pages\/1024","targetHints":{"allow":["GET"]}}],"collection":[{"href":"https:\/\/zaro.nl\/de\/wp-json\/wp\/v2\/pages"}],"about":[{"href":"https:\/\/zaro.nl\/de\/wp-json\/wp\/v2\/types\/page"}],"author":[{"embeddable":true,"href":"https:\/\/zaro.nl\/de\/wp-json\/wp\/v2\/users\/1"}],"replies":[{"embeddable":true,"href":"https:\/\/zaro.nl\/de\/wp-json\/wp\/v2\/comments?post=1024"}],"version-history":[{"count":0,"href":"https:\/\/zaro.nl\/de\/wp-json\/wp\/v2\/pages\/1024\/revisions"}],"up":[{"embeddable":true,"href":"https:\/\/zaro.nl\/de\/wp-json\/wp\/v2\/pages\/1004"}],"wp:attachment":[{"href":"https:\/\/zaro.nl\/de\/wp-json\/wp\/v2\/media?parent=1024"}],"curies":[{"name":"wp","href":"https:\/\/api.w.org\/{rel}","templated":true}]}}