{"id":1022,"date":"2024-04-03T21:07:56","date_gmt":"2024-04-03T21:07:56","guid":{"rendered":"https:\/\/zaro.nl\/chalet-kaufen\/was-ist-beim-kauf-eines-mobilheims-zu-beachten\/"},"modified":"2024-05-12T17:00:11","modified_gmt":"2024-05-12T17:00:11","slug":"was-ist-beim-kauf-eines-mobilheims-zu-beachten","status":"publish","type":"page","link":"https:\/\/zaro.nl\/de\/chalet-kaufen\/was-ist-beim-kauf-eines-mobilheims-zu-beachten\/","title":{"rendered":"WAS IST BEIM KAUF EINES MOBILHEIMS ZU BEACHTEN?"},"content":{"rendered":"<style>.elementor-1022 .elementor-element.elementor-element-3bf354d6 > .elementor-container > .elementor-column > .elementor-widget-wrap{align-content:center;align-items:center;}.elementor-1022 .elementor-element.elementor-element-3bf354d6:not(.elementor-motion-effects-element-type-background), .elementor-1022 .elementor-element.elementor-element-3bf354d6 > .elementor-motion-effects-container > .elementor-motion-effects-layer{background-image:url(\"https:\/\/zaro.nl\/wp-content\/uploads\/2024\/03\/Chalet-familie-ettema-3-2-e1574508637452.jpg\");background-position:0px 75%;background-repeat:no-repeat;background-size:cover;}.elementor-1022 .elementor-element.elementor-element-3bf354d6 > .elementor-background-overlay{background-color:#101010;opacity:0.4;transition:background 0.3s, border-radius 0.3s, opacity 0.3s;}.elementor-1022 .elementor-element.elementor-element-3bf354d6{transition:background 0.3s, border 0.3s, border-radius 0.3s, box-shadow 0.3s;margin-top:-86px;margin-bottom:0px;padding:170px 0px 100px 0px;}.elementor-1022 .elementor-element.elementor-element-65409db4 > .elementor-element-populated{padding:0px 0px 0px 0px;}.elementor-1022 .elementor-element.elementor-element-68b8cafc{text-align:start;}.elementor-1022 .elementor-element.elementor-element-68b8cafc .elementor-heading-title{font-family:var( --e-global-typography-secondary-font-family ), Sans-serif;font-size:var( --e-global-typography-secondary-font-size );font-weight:var( --e-global-typography-secondary-font-weight );color:#FFFFFF;}.elementor-1022 .elementor-element.elementor-element-52578a2c.elementor-column > .elementor-widget-wrap{justify-content:center;}.elementor-1022 .elementor-element.elementor-element-52578a2c > .elementor-element-populated{margin:250px 0px 0px 0px;--e-column-margin-right:0px;--e-column-margin-left:0px;padding:0px 10px 0px 10px;}.elementor-1022 .elementor-element.elementor-element-7b1d01a{--display:flex;--flex-direction:row;--container-widget-width:initial;--container-widget-height:100%;--container-widget-flex-grow:1;--container-widget-align-self:stretch;--flex-wrap-mobile:wrap;--gap:0px 0px;--row-gap:0px;--column-gap:0px;}.elementor-1022 .elementor-element.elementor-element-1a18007{--display:flex;--flex-direction:column;--container-widget-width:100%;--container-widget-height:initial;--container-widget-flex-grow:0;--container-widget-align-self:initial;--flex-wrap-mobile:wrap;}.elementor-1022 .elementor-element.elementor-element-2ac2b69{--display:flex;--flex-direction:column;--container-widget-width:100%;--container-widget-height:initial;--container-widget-flex-grow:0;--container-widget-align-self:initial;--flex-wrap-mobile:wrap;}.elementor-1022 .elementor-element.elementor-element-05fb9e3{--display:flex;--flex-direction:column;--container-widget-width:100%;--container-widget-height:initial;--container-widget-flex-grow:0;--container-widget-align-self:initial;--flex-wrap-mobile:wrap;}.elementor-1022 .elementor-element.elementor-element-3e963e1 .elementor-button{background-color:var( --e-global-color-accent );font-family:var( --e-global-typography-3a551c0-font-family ), Sans-serif;font-size:var( --e-global-typography-3a551c0-font-size );font-weight:var( --e-global-typography-3a551c0-font-weight );fill:#FFFFFF;color:#FFFFFF;border-radius:5px 5px 5px 5px;padding:18px 32px 18px 32px;}.elementor-1022 .elementor-element.elementor-element-3e963e1 > .elementor-widget-container{margin:0px 0px 0px 0px;}@media(min-width:768px){.elementor-1022 .elementor-element.elementor-element-65409db4{width:65.659%;}.elementor-1022 .elementor-element.elementor-element-52578a2c{width:34.302%;}.elementor-1022 .elementor-element.elementor-element-1a18007{--width:50%;}.elementor-1022 .elementor-element.elementor-element-2ac2b69{--width:50%;}}@media(max-width:1024px){.elementor-1022 .elementor-element.elementor-element-3bf354d6:not(.elementor-motion-effects-element-type-background), .elementor-1022 .elementor-element.elementor-element-3bf354d6 > .elementor-motion-effects-container > .elementor-motion-effects-layer{background-position:0px 0px;}.elementor-1022 .elementor-element.elementor-element-65409db4 > .elementor-element-populated{margin:0px 0px 0px 15px;--e-column-margin-right:0px;--e-column-margin-left:15px;}.elementor-1022 .elementor-element.elementor-element-68b8cafc .elementor-heading-title{font-size:var( --e-global-typography-secondary-font-size );}.elementor-1022 .elementor-element.elementor-element-52578a2c.elementor-column > .elementor-widget-wrap{justify-content:flex-end;}.elementor-1022 .elementor-element.elementor-element-52578a2c > .elementor-element-populated{padding:0px 20px 0px 0px;}.elementor-1022 .elementor-element.elementor-element-3e963e1 .elementor-button{font-size:var( --e-global-typography-3a551c0-font-size );}}@media(max-width:767px){.elementor-1022 .elementor-element.elementor-element-3bf354d6:not(.elementor-motion-effects-element-type-background), .elementor-1022 .elementor-element.elementor-element-3bf354d6 > .elementor-motion-effects-container > .elementor-motion-effects-layer{background-position:0px 0px;}.elementor-1022 .elementor-element.elementor-element-3bf354d6{padding:150px 10px 80px 10px;}.elementor-1022 .elementor-element.elementor-element-65409db4 > .elementor-element-populated{margin:0px 0px 0px 0px;--e-column-margin-right:0px;--e-column-margin-left:0px;}.elementor-1022 .elementor-element.elementor-element-68b8cafc .elementor-heading-title{font-size:var( --e-global-typography-secondary-font-size );}.elementor-1022 .elementor-element.elementor-element-52578a2c.elementor-column > .elementor-widget-wrap{justify-content:flex-end;}.elementor-1022 .elementor-element.elementor-element-52578a2c > .elementor-element-populated{margin:60px 15px 0px 0px;--e-column-margin-right:15px;--e-column-margin-left:0px;padding:0px 0px 0px 0px;}.elementor-1022 .elementor-element.elementor-element-3e963e1 > .elementor-widget-container{margin:20px 0px 0px 0px;}.elementor-1022 .elementor-element.elementor-element-3e963e1 .elementor-button{font-size:var( --e-global-typography-3a551c0-font-size );}}<\/style>\t\t<div data-elementor-type=\"wp-page\" data-elementor-id=\"1022\" class=\"elementor elementor-1022\" data-elementor-post-type=\"page\">\n\t\t\t\t\t\t<section class=\"elementor-section elementor-top-section elementor-element elementor-element-3bf354d6 elementor-section-content-middle elementor-section-boxed elementor-section-height-default elementor-section-height-default\" data-id=\"3bf354d6\" data-element_type=\"section\" data-settings=\"{&quot;background_background&quot;:&quot;classic&quot;}\">\n\t\t\t\t\t\t\t<div class=\"elementor-background-overlay\"><\/div>\n\t\t\t\t\t\t\t<div class=\"elementor-container elementor-column-gap-default\">\n\t\t\t\t\t<div class=\"elementor-column elementor-col-50 elementor-top-column elementor-element elementor-element-65409db4\" data-id=\"65409db4\" data-element_type=\"column\">\n\t\t\t<div class=\"elementor-widget-wrap elementor-element-populated\">\n\t\t\t\t\t\t\t<\/div>\n\t\t<\/div>\n\t\t\t\t<div class=\"elementor-column elementor-col-50 elementor-top-column elementor-element elementor-element-52578a2c\" data-id=\"52578a2c\" data-element_type=\"column\">\n\t\t\t<div class=\"elementor-widget-wrap\">\n\t\t\t\t\t\t\t<\/div>\n\t\t<\/div>\n\t\t\t\t\t<\/div>\n\t\t<\/section>\n\t\t<div class=\"elementor-element elementor-element-7b1d01a e-flex e-con-boxed e-con e-parent\" data-id=\"7b1d01a\" data-element_type=\"container\">\n\t\t\t\t\t<div class=\"e-con-inner\">\n\t\t<div class=\"elementor-element elementor-element-1a18007 e-con-full e-flex e-con e-child\" data-id=\"1a18007\" data-element_type=\"container\">\n\t\t\t\t<div class=\"elementor-element elementor-element-d72e846 elementor-widget elementor-widget-text-editor\" data-id=\"d72e846\" data-element_type=\"widget\" data-widget_type=\"text-editor.default\">\n\t\t\t\t<div class=\"elementor-widget-container\">\n\t\t\t\t\t\t\t\t\t<h3><strong>Worauf sollten Sie beim Kauf eines Chalets oder Mobilheims achten?<\/strong><\/h3>\n<p>Vor dem Kauf eines Chalets oder Wohnwagens ist es wichtig, dass Sie sich alle Faktoren genau ansehen. Auf diese Weise wissen Sie genau, was Sie erwarten k\u00f6nnen. Wenn Sie den Entschluss gefasst haben, ein Chalet oder einen Wohnwagen zu kaufen und noch keine Vorstellung vom Wie und Was haben, informieren wir Sie dar\u00fcber, worum es geht und was Sie beachten m\u00fcssen.  <\/p>\n<h3><strong>Standort Ihres Chalets oder Mobilheims<\/strong><\/h3>\n<p>Bei der D\u00e4mmung und der Wahl des richtigen D\u00e4mmpakets ist es sehr wichtig, sich vorher zu fragen, ob der Raum im Sommer genutzt wird oder ganzj\u00e4hrig zug\u00e4nglich ist.<\/p>\n<p>Wenn Sie das Chalet das ganze Jahr \u00fcber nutzen wollen, ist eine zus\u00e4tzliche Isolierung und m\u00f6glicherweise eine Zentralheizung erforderlich, die Zaro f\u00fcr Sie bereitstellen kann. Eine Zentralheizung braucht viel Pflege und auch \u00dcberwachung. Auch wenn Sie in einigen Monaten nicht in Ihrem Chalet wohnen, ist es wichtig, dass Ihre Zentralheizung in dieser Zeit in Betrieb bleibt, da Sie von der Strom- und Gasversorgung des Parks, in dem Sie wohnen, abh\u00e4ngig sind. Wenn Sie Ihr Chalet regelm\u00e4\u00dfig f\u00fcr l\u00e4ngere Zeit verlassen, k\u00f6nnen Sie sich f\u00fcr einen Gaskamin entscheiden, um auch in den Wintermonaten sch\u00f6n warm zu bleiben, und ihn bei Ihrer Abreise mit einem regul\u00e4ren Ein- und Ausschaltknopf ausschalten.   <\/p>\n<h3><strong>Die Gr\u00f6\u00dfe des Spielfeldes<\/strong><\/h3>\n<p>Die Gr\u00f6\u00dfe und Zug\u00e4nglichkeit des Stellplatzes sind wichtig, um zu bestimmen, welche Abmessungen f\u00fcr Ihr Chalet oder Ihren Wohnwagen zul\u00e4ssig sind. Erkundigen Sie sich in Ihrem Park nach den maximalen Abmessungen, damit Sie wissen, welche Gr\u00f6\u00dfe Sie f\u00fcr Ihr neues Chalet w\u00e4hlen sollten.  <\/p>\n<p>Angenommen, der Park, in dem wir Ihr Chalet aufstellen werden, hat viele Hindernisse wie Pfosten, Hecken und l\u00e4stige scharfe Ecken? W\u00e4hrend der Installation und Aufstellung Ihres Chalets k\u00fcmmert sich Zaro um einen m\u00f6glichen Kran, um Ihr Chalet \u00fcber die Hindernisse zu heben.  <\/p>\n<p>Bitte beachten Sie! Der Preis f\u00fcr den Kran und die Parkgeb\u00fchr sind nicht im Preis des Chalets enthalten  <\/p>\n<h3><strong>Qualit\u00e4t Ihres Chalets oder Mobilheims<\/strong><\/h3>\n<p>Die Qualit\u00e4t des Fahrgestells, auf dem Ihr Chalet oder Wohnwagen steht, ist entscheidend. Die Fahrgestelle, die wir von unseren eigenen Fahrgestellbauern liefern, sind aus schweren IPE-Stahltr\u00e4gern mit Tandemachsen (2-Achsen) und 4 R\u00e4dern gefertigt. Sie k\u00f6nnen an beiden Seiten des Fahrgestells eine Anh\u00e4ngerkupplung anbringen. Au\u00dferdem sch\u00fctzt sie die Lackierung des Fahrgestells vor Rost. <\/p>\n<p>Sie k\u00f6nnen einen Blick unter Ihr Chalet werfen, um eine Vorstellung davon zu bekommen. Die englische Version eines Fahrgestell-Mobilheims hat ein gefaltetes Blech mit einer Achse, die leicht ist und zwei kleine Rollerreifen hat. Wenn Sie durch ein englisches Mobilheim gehen, k\u00f6nnen Sie auch sp\u00fcren, wie alles klappert, und die Fensterrahmen sind oft aus d\u00fcnnem, gefaltetem Kunststoff gefertigt.  <\/p>\n<p>Bei Zaro ist alles hochbelastbar. Auf einem Zaro-Chalet-IPE-Chassis befindet sich zum Beispiel ein schwerer Binder. Wir liefern schwere W\u00e4nde und robuste Kunststofffensterrahmen mit einem 70-mm-Profil. Au\u00dferdem verwenden wir 28 mm dickes Isolierglas f\u00fcr die Verglasung, und wir bieten massive Innent\u00fcren mit einem Innent\u00fcrrahmen aus Hartholz.   <\/p>\n<h3><strong>Das Dach Ihres Chalets oder Wohnmobils<\/strong><\/h3>\n<p>Es ist wichtig, dass das Dach von guter, stabiler und vor allem dauerhafter Qualit\u00e4t ist. Schlie\u00dflich soll es jahrelang halten und verschiedenen Wetterbedingungen standhalten. Deshalb bauen wir Chalets mit Dachziegelblechen aus Stahl. Diese verlaufen vom First bis zur Dachrinne und liegen in \u00dcberlappung, wodurch Wasseraustritt und Leckagen vermieden werden. Im Gegensatz zu den D\u00e4chern mancher Wohnmobile sind die Bleche auch gegen Hagelschlag best\u00e4ndig.     <\/p>\n<p>Bei der Installation einer Dachrinne verwenden wir eine echte Konstruktionsrinne von etwa 15 x 15 cm, die aus einem St\u00fcck gezogen wird. Diese ist jedem Regenguss gewachsen und sch\u00fctzt Ihr Chalet durch einen zus\u00e4tzlichen \u00dcberhang, der auch die Seiten Ihres Chalets sch\u00fctzt, vor \u00dcberschwemmungen. <\/p>\n\t\t\t\t\t\t\t\t<\/div>\n\t\t\t\t<\/div>\n\t\t\t\t<\/div>\n\t\t<div class=\"elementor-element elementor-element-2ac2b69 e-con-full e-flex e-con e-child\" data-id=\"2ac2b69\" data-element_type=\"container\">\n\t\t\t\t<div class=\"elementor-element elementor-element-29bf02d elementor-widget elementor-widget-text-editor\" data-id=\"29bf02d\" data-element_type=\"widget\" data-widget_type=\"text-editor.default\">\n\t\t\t\t<div class=\"elementor-widget-container\">\n\t\t\t\t\t\t\t\t\t<h3><strong>Die Au\u00dfenw\u00e4nde Ihres Chalets oder Wohnmobils<\/strong><\/h3>\n<p>F\u00fcr die Montage der Au\u00dfenw\u00e4nde verwenden wir pflegeleichte Vollschaum-PVC-Fassadenplatten. Sie sind benutzerfreundlich und vollst\u00e4ndig recycelbar. Die Vollholzstruktur sorgt f\u00fcr ein robustes Aussehen und eine sch\u00f6ne Oberfl\u00e4che. Die PVC-Fassadenplatten sind in verschiedenen Farben erh\u00e4ltlich.    <\/p>\n<p>Wie Sie Ihre Au\u00dfenw\u00e4nde d\u00e4mmen wollen, bleibt Ihnen \u00fcberlassen. Sie k\u00f6nnen n\u00e4mlich zwischen verschiedenen D\u00e4mmst\u00e4rken w\u00e4hlen. Dabei wird ber\u00fccksichtigt, wann Sie Ihr Chalet nutzen wollen und in welchen Jahreszeiten. F\u00fcr die Nutzung im Winter wird Ihr Chalet extra ged\u00e4mmt, f\u00fcr den Sommer normal.   <\/p>\n<h3><strong>Die Dachrinnen<\/strong><\/h3>\n<p>Die Dachrinnen sind aus Aluminium (rostfrei) gefertigt und bestehen aus einem St\u00fcck. Sie sind mit einem Kunststoff-Regenwasserablauf ausgestattet und h\u00e4ngen au\u00dferhalb des Chalets <\/p>\n<h3><strong>Kunststoff-Fensterrahmen und Doppel-HR + Verglasung<\/strong><\/h3>\n<p>Nachhaltigkeit ist sehr wichtig, deshalb werden unsere Fensterrahmen (aus doppeltem HR + Glas) auch unter dem Aspekt der Nachhaltigkeit hergestellt. Sie sind wartungsarm und die Doppelverglasung bietet eine hervorragende Isolierung. <\/p>\n<p>Wir sind einer der wenigen, die beim Bau eines Chalets deutsche Kunststoffprofile mit doppelter Dichtung verwenden, um Zugluft zu vermeiden. <\/p>\n<p>Die Fenster und T\u00fcren sind mit hochwertigen und langlebigen Beschl\u00e4gen ausgestattet. Diese sind bei Bedarf auch immer verstellbar. Auf Wunsch kann Zaro die Anleitung der Fenster und T\u00fcren verst\u00e4rken.  <\/p>\n<h3><strong>Isolierung<\/strong><\/h3>\n<p>Wie bereits erw\u00e4hnt, ist die Isolierung ein sehr wichtiger Aspekt, wenn Sie ein Chalet bauen wollen. Schlie\u00dflich ist eine zus\u00e4tzliche Isolierung nicht notwendig, wenn Sie Ihr Chalet in den Wintermonaten nicht nutzen. Unsere Chalets sind daher standardm\u00e4\u00dfig isoliert. Sollten Sie Ihr Chalet das ganze Jahr \u00fcber nutzen, wird es extra isoliert und Sie erhalten Gitter in den oberen Glasfenstern sowie einen Ventilator im Badezimmer.   <\/p>\n<h3><strong>Das Innere<\/strong><\/h3>\n<p>Die Einteilung eines Chalets ist eine Entscheidung, die Sie ganz allein treffen k\u00f6nnen. Wenn Sie sich beraten lassen m\u00f6chten, welche M\u00f6glichkeiten es innerhalb der verschiedenen Grundrisse gibt, werden wir uns immer mit Ihnen zusammensetzen. Auf diese Weise schaffen wir ein Layout auf der Grundlage Ihrer W\u00fcnsche.   <\/p>\n<p>Wenn Sie zus\u00e4tzliche Schlafzimmer oder ein Kinderzimmer w\u00fcnschen, ist dies ebenfalls nach Absprache m\u00f6glich.<\/p>\n<h3><strong>Brauchen Sie einen Rat?<\/strong><\/h3>\n<p>Haben Sie Fragen oder brauchen Sie Rat? Nehmen Sie Kontakt mit uns auf. Wir helfen Ihnen gerne weiter!  <\/p>\n\t\t\t\t\t\t\t\t<\/div>\n\t\t\t\t<\/div>\n\t\t\t\t<\/div>\n\t\t\t\t\t<\/div>\n\t\t\t\t<\/div>\n\t\t<div class=\"elementor-element elementor-element-05fb9e3 e-flex e-con-boxed e-con e-parent\" data-id=\"05fb9e3\" data-element_type=\"container\">\n\t\t\t\t\t<div class=\"e-con-inner\">\n\t\t\t\t<div class=\"elementor-element elementor-element-3e963e1 elementor-align-center elementor-mobile-align-center elementor-widget elementor-widget-button\" data-id=\"3e963e1\" data-element_type=\"widget\" data-widget_type=\"button.default\">\n\t\t\t\t<div class=\"elementor-widget-container\">\n\t\t\t\t\t\t\t\t\t<div class=\"elementor-button-wrapper\">\n\t\t\t\t\t<a class=\"elementor-button elementor-button-link elementor-size-sm elementor-animation-shrink\" href=\"https:\/\/zaro.nl\/contact\/\">\n\t\t\t\t\t\t<span class=\"elementor-button-content-wrapper\">\n\t\t\t\t\t\t\t\t\t<span class=\"elementor-button-text\">Kontakt aufnehmen<\/span>\n\t\t\t\t\t<\/span>\n\t\t\t\t\t<\/a>\n\t\t\t\t<\/div>\n\t\t\t\t\t\t\t\t<\/div>\n\t\t\t\t<\/div>\n\t\t\t\t\t<\/div>\n\t\t\t\t<\/div>\n\t\t\t\t<\/div>\n\t\t","protected":false},"excerpt":{"rendered":"<p>Worauf sollten Sie beim Kauf eines Chalets oder Mobilheims achten? Vor dem Kauf eines Chalets oder Wohnwagens ist es wichtig, dass Sie sich alle Faktoren genau ansehen. Auf diese Weise wissen Sie genau, was Sie erwarten k\u00f6nnen. Wenn Sie den Entschluss gefasst haben, ein Chalet oder einen Wohnwagen zu kaufen und noch keine Vorstellung vom [&hellip;]<\/p>\n","protected":false},"author":1,"featured_media":0,"parent":1004,"menu_order":0,"comment_status":"closed","ping_status":"closed","template":"elementor_header_footer","meta":{"footnotes":""},"class_list":["post-1022","page","type-page","status-publish","hentry"],"yoast_head":"<!-- This site is optimized with the Yoast SEO plugin v26.8 - https:\/\/yoast.com\/product\/yoast-seo-wordpress\/ -->\n<title>WAS IST BEIM KAUF EINES MOBILHEIMS ZU BEACHTEN? - Zaro<\/title>\n<meta name=\"robots\" content=\"index, follow, max-snippet:-1, max-image-preview:large, max-video-preview:-1\" \/>\n<link rel=\"canonical\" href=\"https:\/\/zaro.nl\/de\/chalet-kaufen\/was-ist-beim-kauf-eines-mobilheims-zu-beachten\/\" \/>\n<meta property=\"og:locale\" content=\"de_DE\" \/>\n<meta property=\"og:type\" content=\"article\" \/>\n<meta property=\"og:title\" content=\"WAS IST BEIM KAUF EINES MOBILHEIMS ZU BEACHTEN? - Zaro\" \/>\n<meta property=\"og:description\" content=\"Worauf sollten Sie beim Kauf eines Chalets oder Mobilheims achten? Vor dem Kauf eines Chalets oder Wohnwagens ist es wichtig, dass Sie sich alle Faktoren genau ansehen. Auf diese Weise wissen Sie genau, was Sie erwarten k\u00f6nnen. Wenn Sie den Entschluss gefasst haben, ein Chalet oder einen Wohnwagen zu kaufen und noch keine Vorstellung vom [&hellip;]\" \/>\n<meta property=\"og:url\" content=\"https:\/\/zaro.nl\/de\/chalet-kaufen\/was-ist-beim-kauf-eines-mobilheims-zu-beachten\/\" \/>\n<meta property=\"og:site_name\" content=\"Zaro\" \/>\n<meta property=\"article:modified_time\" content=\"2024-05-12T17:00:11+00:00\" \/>\n<meta name=\"twitter:card\" content=\"summary_large_image\" \/>\n<meta name=\"twitter:label1\" content=\"Gesch\u00e4tzte Lesezeit\" \/>\n\t<meta name=\"twitter:data1\" content=\"5\u00a0Minuten\" \/>\n<script type=\"application\/ld+json\" class=\"yoast-schema-graph\">{\"@context\":\"https:\/\/schema.org\",\"@graph\":[{\"@type\":\"WebPage\",\"@id\":\"https:\/\/zaro.nl\/de\/chalet-kaufen\/was-ist-beim-kauf-eines-mobilheims-zu-beachten\/\",\"url\":\"https:\/\/zaro.nl\/de\/chalet-kaufen\/was-ist-beim-kauf-eines-mobilheims-zu-beachten\/\",\"name\":\"WAS IST BEIM KAUF EINES MOBILHEIMS ZU BEACHTEN? - Zaro\",\"isPartOf\":{\"@id\":\"https:\/\/zaro.nl\/#website\"},\"datePublished\":\"2024-04-03T21:07:56+00:00\",\"dateModified\":\"2024-05-12T17:00:11+00:00\",\"breadcrumb\":{\"@id\":\"https:\/\/zaro.nl\/de\/chalet-kaufen\/was-ist-beim-kauf-eines-mobilheims-zu-beachten\/#breadcrumb\"},\"inLanguage\":\"de\",\"potentialAction\":[{\"@type\":\"ReadAction\",\"target\":[\"https:\/\/zaro.nl\/de\/chalet-kaufen\/was-ist-beim-kauf-eines-mobilheims-zu-beachten\/\"]}]},{\"@type\":\"BreadcrumbList\",\"@id\":\"https:\/\/zaro.nl\/de\/chalet-kaufen\/was-ist-beim-kauf-eines-mobilheims-zu-beachten\/#breadcrumb\",\"itemListElement\":[{\"@type\":\"ListItem\",\"position\":1,\"name\":\"Home\",\"item\":\"https:\/\/zaro.nl\/de\/\"},{\"@type\":\"ListItem\",\"position\":2,\"name\":\"Chalet Kaufen\",\"item\":\"https:\/\/zaro.nl\/de\/chalet-kaufen\/\"},{\"@type\":\"ListItem\",\"position\":3,\"name\":\"WAS IST BEIM KAUF EINES MOBILHEIMS ZU BEACHTEN?\"}]},{\"@type\":\"WebSite\",\"@id\":\"https:\/\/zaro.nl\/#website\",\"url\":\"https:\/\/zaro.nl\/\",\"name\":\"Zaro\",\"description\":\"Chaletbouw\",\"publisher\":{\"@id\":\"https:\/\/zaro.nl\/#organization\"},\"potentialAction\":[{\"@type\":\"SearchAction\",\"target\":{\"@type\":\"EntryPoint\",\"urlTemplate\":\"https:\/\/zaro.nl\/?s={search_term_string}\"},\"query-input\":{\"@type\":\"PropertyValueSpecification\",\"valueRequired\":true,\"valueName\":\"search_term_string\"}}],\"inLanguage\":\"de\"},{\"@type\":\"Organization\",\"@id\":\"https:\/\/zaro.nl\/#organization\",\"name\":\"Zaro\",\"url\":\"https:\/\/zaro.nl\/\",\"logo\":{\"@type\":\"ImageObject\",\"inLanguage\":\"de\",\"@id\":\"https:\/\/zaro.nl\/#\/schema\/logo\/image\/\",\"url\":\"https:\/\/zaro.nl\/wp-content\/uploads\/2024\/04\/cropped-favicon-32x32-1.png\",\"contentUrl\":\"https:\/\/zaro.nl\/wp-content\/uploads\/2024\/04\/cropped-favicon-32x32-1.png\",\"width\":32,\"height\":32,\"caption\":\"Zaro\"},\"image\":{\"@id\":\"https:\/\/zaro.nl\/#\/schema\/logo\/image\/\"}}]}<\/script>\n<!-- \/ Yoast SEO plugin. -->","yoast_head_json":{"title":"WAS IST BEIM KAUF EINES MOBILHEIMS ZU BEACHTEN? - Zaro","robots":{"index":"index","follow":"follow","max-snippet":"max-snippet:-1","max-image-preview":"max-image-preview:large","max-video-preview":"max-video-preview:-1"},"canonical":"https:\/\/zaro.nl\/de\/chalet-kaufen\/was-ist-beim-kauf-eines-mobilheims-zu-beachten\/","og_locale":"de_DE","og_type":"article","og_title":"WAS IST BEIM KAUF EINES MOBILHEIMS ZU BEACHTEN? - Zaro","og_description":"Worauf sollten Sie beim Kauf eines Chalets oder Mobilheims achten? Vor dem Kauf eines Chalets oder Wohnwagens ist es wichtig, dass Sie sich alle Faktoren genau ansehen. Auf diese Weise wissen Sie genau, was Sie erwarten k\u00f6nnen. Wenn Sie den Entschluss gefasst haben, ein Chalet oder einen Wohnwagen zu kaufen und noch keine Vorstellung vom [&hellip;]","og_url":"https:\/\/zaro.nl\/de\/chalet-kaufen\/was-ist-beim-kauf-eines-mobilheims-zu-beachten\/","og_site_name":"Zaro","article_modified_time":"2024-05-12T17:00:11+00:00","twitter_card":"summary_large_image","twitter_misc":{"Gesch\u00e4tzte Lesezeit":"5\u00a0Minuten"},"schema":{"@context":"https:\/\/schema.org","@graph":[{"@type":"WebPage","@id":"https:\/\/zaro.nl\/de\/chalet-kaufen\/was-ist-beim-kauf-eines-mobilheims-zu-beachten\/","url":"https:\/\/zaro.nl\/de\/chalet-kaufen\/was-ist-beim-kauf-eines-mobilheims-zu-beachten\/","name":"WAS IST BEIM KAUF EINES MOBILHEIMS ZU BEACHTEN? - Zaro","isPartOf":{"@id":"https:\/\/zaro.nl\/#website"},"datePublished":"2024-04-03T21:07:56+00:00","dateModified":"2024-05-12T17:00:11+00:00","breadcrumb":{"@id":"https:\/\/zaro.nl\/de\/chalet-kaufen\/was-ist-beim-kauf-eines-mobilheims-zu-beachten\/#breadcrumb"},"inLanguage":"de","potentialAction":[{"@type":"ReadAction","target":["https:\/\/zaro.nl\/de\/chalet-kaufen\/was-ist-beim-kauf-eines-mobilheims-zu-beachten\/"]}]},{"@type":"BreadcrumbList","@id":"https:\/\/zaro.nl\/de\/chalet-kaufen\/was-ist-beim-kauf-eines-mobilheims-zu-beachten\/#breadcrumb","itemListElement":[{"@type":"ListItem","position":1,"name":"Home","item":"https:\/\/zaro.nl\/de\/"},{"@type":"ListItem","position":2,"name":"Chalet Kaufen","item":"https:\/\/zaro.nl\/de\/chalet-kaufen\/"},{"@type":"ListItem","position":3,"name":"WAS IST BEIM KAUF EINES MOBILHEIMS ZU BEACHTEN?"}]},{"@type":"WebSite","@id":"https:\/\/zaro.nl\/#website","url":"https:\/\/zaro.nl\/","name":"Zaro","description":"Chaletbouw","publisher":{"@id":"https:\/\/zaro.nl\/#organization"},"potentialAction":[{"@type":"SearchAction","target":{"@type":"EntryPoint","urlTemplate":"https:\/\/zaro.nl\/?s={search_term_string}"},"query-input":{"@type":"PropertyValueSpecification","valueRequired":true,"valueName":"search_term_string"}}],"inLanguage":"de"},{"@type":"Organization","@id":"https:\/\/zaro.nl\/#organization","name":"Zaro","url":"https:\/\/zaro.nl\/","logo":{"@type":"ImageObject","inLanguage":"de","@id":"https:\/\/zaro.nl\/#\/schema\/logo\/image\/","url":"https:\/\/zaro.nl\/wp-content\/uploads\/2024\/04\/cropped-favicon-32x32-1.png","contentUrl":"https:\/\/zaro.nl\/wp-content\/uploads\/2024\/04\/cropped-favicon-32x32-1.png","width":32,"height":32,"caption":"Zaro"},"image":{"@id":"https:\/\/zaro.nl\/#\/schema\/logo\/image\/"}}]}},"_links":{"self":[{"href":"https:\/\/zaro.nl\/de\/wp-json\/wp\/v2\/pages\/1022","targetHints":{"allow":["GET"]}}],"collection":[{"href":"https:\/\/zaro.nl\/de\/wp-json\/wp\/v2\/pages"}],"about":[{"href":"https:\/\/zaro.nl\/de\/wp-json\/wp\/v2\/types\/page"}],"author":[{"embeddable":true,"href":"https:\/\/zaro.nl\/de\/wp-json\/wp\/v2\/users\/1"}],"replies":[{"embeddable":true,"href":"https:\/\/zaro.nl\/de\/wp-json\/wp\/v2\/comments?post=1022"}],"version-history":[{"count":0,"href":"https:\/\/zaro.nl\/de\/wp-json\/wp\/v2\/pages\/1022\/revisions"}],"up":[{"embeddable":true,"href":"https:\/\/zaro.nl\/de\/wp-json\/wp\/v2\/pages\/1004"}],"wp:attachment":[{"href":"https:\/\/zaro.nl\/de\/wp-json\/wp\/v2\/media?parent=1022"}],"curies":[{"name":"wp","href":"https:\/\/api.w.org\/{rel}","templated":true}]}}