{"id":1020,"date":"2024-04-03T21:01:42","date_gmt":"2024-04-03T21:01:42","guid":{"rendered":"https:\/\/zaro.nl\/chalet-kaufen\/6-personen-chalet\/"},"modified":"2024-05-12T16:55:09","modified_gmt":"2024-05-12T16:55:09","slug":"6-personen-chalet","status":"publish","type":"page","link":"https:\/\/zaro.nl\/de\/chalet-kaufen\/6-personen-chalet\/","title":{"rendered":"6-Personen-Chalet"},"content":{"rendered":"<style>.elementor-1020 .elementor-element.elementor-element-3bf354d6 > .elementor-container > .elementor-column > .elementor-widget-wrap{align-content:center;align-items:center;}.elementor-1020 .elementor-element.elementor-element-3bf354d6:not(.elementor-motion-effects-element-type-background), .elementor-1020 .elementor-element.elementor-element-3bf354d6 > .elementor-motion-effects-container > .elementor-motion-effects-layer{background-image:url(\"https:\/\/zaro.nl\/wp-content\/uploads\/2024\/03\/Chalet-familie-ettema-3-2-e1574508637452.jpg\");background-position:0px 75%;background-repeat:no-repeat;background-size:cover;}.elementor-1020 .elementor-element.elementor-element-3bf354d6 > .elementor-background-overlay{background-color:#101010;opacity:0.4;transition:background 0.3s, border-radius 0.3s, opacity 0.3s;}.elementor-1020 .elementor-element.elementor-element-3bf354d6{transition:background 0.3s, border 0.3s, border-radius 0.3s, box-shadow 0.3s;margin-top:-86px;margin-bottom:0px;padding:170px 0px 100px 0px;}.elementor-1020 .elementor-element.elementor-element-65409db4 > .elementor-element-populated{padding:0px 0px 0px 0px;}.elementor-1020 .elementor-element.elementor-element-68b8cafc{text-align:start;}.elementor-1020 .elementor-element.elementor-element-68b8cafc .elementor-heading-title{font-family:var( --e-global-typography-secondary-font-family ), Sans-serif;font-size:var( --e-global-typography-secondary-font-size );font-weight:var( --e-global-typography-secondary-font-weight );color:#FFFFFF;}.elementor-1020 .elementor-element.elementor-element-52578a2c.elementor-column > .elementor-widget-wrap{justify-content:center;}.elementor-1020 .elementor-element.elementor-element-52578a2c > .elementor-element-populated{margin:250px 0px 0px 0px;--e-column-margin-right:0px;--e-column-margin-left:0px;padding:0px 10px 0px 10px;}.elementor-1020 .elementor-element.elementor-element-605f741e{padding:50px 0px 50px 0px;}.elementor-bc-flex-widget .elementor-1020 .elementor-element.elementor-element-281ee54b.elementor-column .elementor-widget-wrap{align-items:center;}.elementor-1020 .elementor-element.elementor-element-281ee54b.elementor-column.elementor-element[data-element_type=\"column\"] > .elementor-widget-wrap.elementor-element-populated{align-content:center;align-items:center;}.elementor-1020 .elementor-element.elementor-element-281ee54b > .elementor-element-populated{padding:0px 20px 0px 0px;}.elementor-1020 .elementor-element.elementor-element-2bb79e51 img{border-radius:5px 5px 5px 5px;}.elementor-bc-flex-widget .elementor-1020 .elementor-element.elementor-element-3ec25725.elementor-column .elementor-widget-wrap{align-items:center;}.elementor-1020 .elementor-element.elementor-element-3ec25725.elementor-column.elementor-element[data-element_type=\"column\"] > .elementor-widget-wrap.elementor-element-populated{align-content:center;align-items:center;}.elementor-1020 .elementor-element.elementor-element-3ec25725 > .elementor-element-populated{margin:0px 0px 0px 0px;--e-column-margin-right:0px;--e-column-margin-left:0px;}.elementor-1020 .elementor-element.elementor-element-d1c6d0f .elementor-button{background-color:var( --e-global-color-accent );font-family:var( --e-global-typography-3a551c0-font-family ), Sans-serif;font-size:var( --e-global-typography-3a551c0-font-size );font-weight:var( --e-global-typography-3a551c0-font-weight );fill:#FFFFFF;color:#FFFFFF;border-radius:5px 5px 5px 5px;padding:18px 32px 18px 32px;}.elementor-1020 .elementor-element.elementor-element-d1c6d0f > .elementor-widget-container{margin:0px 0px 0px 0px;}@media(max-width:1024px){.elementor-1020 .elementor-element.elementor-element-3bf354d6:not(.elementor-motion-effects-element-type-background), .elementor-1020 .elementor-element.elementor-element-3bf354d6 > .elementor-motion-effects-container > .elementor-motion-effects-layer{background-position:0px 0px;}.elementor-1020 .elementor-element.elementor-element-65409db4 > .elementor-element-populated{margin:0px 0px 0px 15px;--e-column-margin-right:0px;--e-column-margin-left:15px;}.elementor-1020 .elementor-element.elementor-element-68b8cafc .elementor-heading-title{font-size:var( --e-global-typography-secondary-font-size );}.elementor-1020 .elementor-element.elementor-element-52578a2c.elementor-column > .elementor-widget-wrap{justify-content:flex-end;}.elementor-1020 .elementor-element.elementor-element-52578a2c > .elementor-element-populated{padding:0px 20px 0px 0px;}.elementor-1020 .elementor-element.elementor-element-605f741e{padding:100px 15px 100px 15px;}.elementor-1020 .elementor-element.elementor-element-281ee54b > .elementor-element-populated{padding:0px 0px 0px 0px;}.elementor-1020 .elementor-element.elementor-element-3ec25725 > .elementor-element-populated{margin:20px 0px 0px 0px;--e-column-margin-right:0px;--e-column-margin-left:0px;padding:0px 0px 0px 0px;}.elementor-1020 .elementor-element.elementor-element-d1c6d0f .elementor-button{font-size:var( --e-global-typography-3a551c0-font-size );}}@media(max-width:767px){.elementor-1020 .elementor-element.elementor-element-3bf354d6:not(.elementor-motion-effects-element-type-background), .elementor-1020 .elementor-element.elementor-element-3bf354d6 > .elementor-motion-effects-container > .elementor-motion-effects-layer{background-position:0px 0px;}.elementor-1020 .elementor-element.elementor-element-3bf354d6{padding:150px 10px 80px 10px;}.elementor-1020 .elementor-element.elementor-element-65409db4 > .elementor-element-populated{margin:0px 0px 0px 0px;--e-column-margin-right:0px;--e-column-margin-left:0px;}.elementor-1020 .elementor-element.elementor-element-68b8cafc .elementor-heading-title{font-size:var( --e-global-typography-secondary-font-size );}.elementor-1020 .elementor-element.elementor-element-52578a2c.elementor-column > .elementor-widget-wrap{justify-content:flex-end;}.elementor-1020 .elementor-element.elementor-element-52578a2c > .elementor-element-populated{margin:60px 15px 0px 0px;--e-column-margin-right:15px;--e-column-margin-left:0px;padding:0px 0px 0px 0px;}.elementor-1020 .elementor-element.elementor-element-605f741e{padding:100px 10px 100px 10px;}.elementor-1020 .elementor-element.elementor-element-281ee54b > .elementor-element-populated{padding:0px 0px 0px 0px;}.elementor-1020 .elementor-element.elementor-element-3ec25725 > .elementor-element-populated{margin:20px 0px 20px 0px;--e-column-margin-right:0px;--e-column-margin-left:0px;padding:0px 0px 0px 0px;}.elementor-1020 .elementor-element.elementor-element-d1c6d0f > .elementor-widget-container{margin:20px 0px 0px 0px;}.elementor-1020 .elementor-element.elementor-element-d1c6d0f .elementor-button{font-size:var( --e-global-typography-3a551c0-font-size );}}@media(min-width:768px){.elementor-1020 .elementor-element.elementor-element-65409db4{width:65.659%;}.elementor-1020 .elementor-element.elementor-element-52578a2c{width:34.302%;}}@media(max-width:1024px) and (min-width:768px){.elementor-1020 .elementor-element.elementor-element-281ee54b{width:100%;}.elementor-1020 .elementor-element.elementor-element-3ec25725{width:100%;}}<\/style>\t\t<div data-elementor-type=\"wp-page\" data-elementor-id=\"1020\" class=\"elementor elementor-1020\" data-elementor-post-type=\"page\">\n\t\t\t\t\t\t<section class=\"elementor-section elementor-top-section elementor-element elementor-element-3bf354d6 elementor-section-content-middle elementor-section-boxed elementor-section-height-default elementor-section-height-default\" data-id=\"3bf354d6\" data-element_type=\"section\" data-settings=\"{&quot;background_background&quot;:&quot;classic&quot;}\">\n\t\t\t\t\t\t\t<div class=\"elementor-background-overlay\"><\/div>\n\t\t\t\t\t\t\t<div class=\"elementor-container elementor-column-gap-default\">\n\t\t\t\t\t<div class=\"elementor-column elementor-col-50 elementor-top-column elementor-element elementor-element-65409db4\" data-id=\"65409db4\" data-element_type=\"column\">\n\t\t\t<div class=\"elementor-widget-wrap elementor-element-populated\">\n\t\t\t\t\t\t\t<\/div>\n\t\t<\/div>\n\t\t\t\t<div class=\"elementor-column elementor-col-50 elementor-top-column elementor-element elementor-element-52578a2c\" data-id=\"52578a2c\" data-element_type=\"column\">\n\t\t\t<div class=\"elementor-widget-wrap\">\n\t\t\t\t\t\t\t<\/div>\n\t\t<\/div>\n\t\t\t\t\t<\/div>\n\t\t<\/section>\n\t\t\t\t<section class=\"elementor-section elementor-top-section elementor-element elementor-element-605f741e elementor-section-boxed elementor-section-height-default elementor-section-height-default\" data-id=\"605f741e\" data-element_type=\"section\">\n\t\t\t\t\t\t<div class=\"elementor-container elementor-column-gap-default\">\n\t\t\t\t\t<div class=\"elementor-column elementor-col-50 elementor-top-column elementor-element elementor-element-281ee54b\" data-id=\"281ee54b\" data-element_type=\"column\">\n\t\t\t<div class=\"elementor-widget-wrap elementor-element-populated\">\n\t\t\t\t\t\t<div class=\"elementor-element elementor-element-2bb79e51 elementor-widget elementor-widget-image\" data-id=\"2bb79e51\" data-element_type=\"widget\" data-widget_type=\"image.default\">\n\t\t\t\t<div class=\"elementor-widget-container\">\n\t\t\t\t\t\t\t\t\t\t\t\t\t\t\t<img decoding=\"async\" width=\"258\" height=\"145\" src=\"https:\/\/zaro.nl\/wp-content\/uploads\/2024\/04\/image34.png\" class=\"attachment-full size-full wp-image-292\" alt=\"\" \/>\t\t\t\t\t\t\t\t\t\t\t\t\t\t\t<\/div>\n\t\t\t\t<\/div>\n\t\t\t\t<div class=\"elementor-element elementor-element-3212817 elementor-widget elementor-widget-image\" data-id=\"3212817\" data-element_type=\"widget\" data-widget_type=\"image.default\">\n\t\t\t\t<div class=\"elementor-widget-container\">\n\t\t\t\t\t\t\t\t\t\t\t\t\t\t\t<img fetchpriority=\"high\" decoding=\"async\" width=\"800\" height=\"268\" src=\"https:\/\/zaro.nl\/wp-content\/uploads\/2024\/04\/image11-e1575700616354-1024x343.png\" class=\"attachment-large size-large wp-image-291\" alt=\"\" srcset=\"https:\/\/zaro.nl\/wp-content\/uploads\/2024\/04\/image11-e1575700616354-1024x343.png 1024w, https:\/\/zaro.nl\/wp-content\/uploads\/2024\/04\/image11-e1575700616354-300x100.png 300w, https:\/\/zaro.nl\/wp-content\/uploads\/2024\/04\/image11-e1575700616354-768x257.png 768w, https:\/\/zaro.nl\/wp-content\/uploads\/2024\/04\/image11-e1575700616354.png 1165w\" sizes=\"(max-width: 800px) 100vw, 800px\" \/>\t\t\t\t\t\t\t\t\t\t\t\t\t\t\t<\/div>\n\t\t\t\t<\/div>\n\t\t\t\t\t<\/div>\n\t\t<\/div>\n\t\t\t\t<div class=\"elementor-column elementor-col-50 elementor-top-column elementor-element elementor-element-3ec25725\" data-id=\"3ec25725\" data-element_type=\"column\">\n\t\t\t<div class=\"elementor-widget-wrap elementor-element-populated\">\n\t\t\t\t\t\t<div class=\"elementor-element elementor-element-4ed72a6 elementor-widget elementor-widget-text-editor\" data-id=\"4ed72a6\" data-element_type=\"widget\" data-widget_type=\"text-editor.default\">\n\t\t\t\t<div class=\"elementor-widget-container\">\n\t\t\t\t\t\t\t\t\t<h3><strong>Ein 6-Personen-Chalet mit drei Schlafzimmern<\/strong><\/h3>\n<p>Nehmen wir an, Sie m\u00f6chten ein Chalet kaufen, um es mit Ihrer ganzen Familie zu genie\u00dfen. Dann ist ein 6-Personen-Chalet Ihre L\u00f6sung! Wir bauen ma\u00dfgeschneiderte Chalets nach Ihren W\u00fcnschen. Ein Chalet f\u00fcr 6 Personen kann ab 10 Metern gebaut werden. Es ist auch m\u00f6glich, ein Chalet mit bis zu drei Schlafzimmern ab 10 Metern zu bauen. Da wir unsere Chalets standardm\u00e4\u00dfig mit zwei Schlafzimmern ausliefern, haben wir die Preise f\u00fcr ein zus\u00e4tzliches Schlafzimmer in unserer Brosch\u00fcre aufgef\u00fchrt.     <\/p>\n<p><strong>Laden Sie hier unsere Brosch\u00fcre herunter. Ben\u00f6tigen Sie weitere Informationen? Nehmen Sie Kontakt mit uns auf. Wir helfen Ihnen gerne weiter!   <\/strong><\/p>\n\t\t\t\t\t\t\t\t<\/div>\n\t\t\t\t<\/div>\n\t\t\t\t<div class=\"elementor-element elementor-element-d1c6d0f elementor-align-center elementor-mobile-align-center elementor-widget elementor-widget-button\" data-id=\"d1c6d0f\" data-element_type=\"widget\" data-widget_type=\"button.default\">\n\t\t\t\t<div class=\"elementor-widget-container\">\n\t\t\t\t\t\t\t\t\t<div class=\"elementor-button-wrapper\">\n\t\t\t\t\t<a class=\"elementor-button elementor-button-link elementor-size-sm elementor-animation-shrink\" href=\"https:\/\/zaro.nl\/contact\/\">\n\t\t\t\t\t\t<span class=\"elementor-button-content-wrapper\">\n\t\t\t\t\t\t\t\t\t<span class=\"elementor-button-text\">Brosch\u00fcre herunterladen<\/span>\n\t\t\t\t\t<\/span>\n\t\t\t\t\t<\/a>\n\t\t\t\t<\/div>\n\t\t\t\t\t\t\t\t<\/div>\n\t\t\t\t<\/div>\n\t\t\t\t\t<\/div>\n\t\t<\/div>\n\t\t\t\t\t<\/div>\n\t\t<\/section>\n\t\t\t\t<\/div>\n\t\t","protected":false},"excerpt":{"rendered":"<p>Ein 6-Personen-Chalet mit drei Schlafzimmern Nehmen wir an, Sie m\u00f6chten ein Chalet kaufen, um es mit Ihrer ganzen Familie zu genie\u00dfen. Dann ist ein 6-Personen-Chalet Ihre L\u00f6sung! Wir bauen ma\u00dfgeschneiderte Chalets nach Ihren W\u00fcnschen. Ein Chalet f\u00fcr 6 Personen kann ab 10 Metern gebaut werden. Es ist auch m\u00f6glich, ein Chalet mit bis zu drei [&hellip;]<\/p>\n","protected":false},"author":1,"featured_media":0,"parent":1004,"menu_order":0,"comment_status":"closed","ping_status":"closed","template":"elementor_header_footer","meta":{"footnotes":""},"class_list":["post-1020","page","type-page","status-publish","hentry"],"yoast_head":"<!-- This site is optimized with the Yoast SEO plugin v26.8 - https:\/\/yoast.com\/product\/yoast-seo-wordpress\/ -->\n<title>6-Personen-Chalet - Zaro<\/title>\n<meta name=\"robots\" content=\"index, follow, max-snippet:-1, max-image-preview:large, max-video-preview:-1\" \/>\n<link rel=\"canonical\" href=\"https:\/\/zaro.nl\/de\/chalet-kaufen\/6-personen-chalet\/\" \/>\n<meta property=\"og:locale\" content=\"de_DE\" \/>\n<meta property=\"og:type\" content=\"article\" \/>\n<meta property=\"og:title\" content=\"6-Personen-Chalet - Zaro\" \/>\n<meta property=\"og:description\" content=\"Ein 6-Personen-Chalet mit drei Schlafzimmern Nehmen wir an, Sie m\u00f6chten ein Chalet kaufen, um es mit Ihrer ganzen Familie zu genie\u00dfen. Dann ist ein 6-Personen-Chalet Ihre L\u00f6sung! Wir bauen ma\u00dfgeschneiderte Chalets nach Ihren W\u00fcnschen. Ein Chalet f\u00fcr 6 Personen kann ab 10 Metern gebaut werden. Es ist auch m\u00f6glich, ein Chalet mit bis zu drei [&hellip;]\" \/>\n<meta property=\"og:url\" content=\"https:\/\/zaro.nl\/de\/chalet-kaufen\/6-personen-chalet\/\" \/>\n<meta property=\"og:site_name\" content=\"Zaro\" \/>\n<meta property=\"article:modified_time\" content=\"2024-05-12T16:55:09+00:00\" \/>\n<meta property=\"og:image\" content=\"https:\/\/zaro.nl\/wp-content\/uploads\/2024\/04\/image34.png\" \/>\n<meta name=\"twitter:card\" content=\"summary_large_image\" \/>\n<meta name=\"twitter:label1\" content=\"Gesch\u00e4tzte Lesezeit\" \/>\n\t<meta name=\"twitter:data1\" content=\"1\u00a0Minute\" \/>\n<script type=\"application\/ld+json\" class=\"yoast-schema-graph\">{\"@context\":\"https:\/\/schema.org\",\"@graph\":[{\"@type\":\"WebPage\",\"@id\":\"https:\/\/zaro.nl\/de\/chalet-kaufen\/6-personen-chalet\/\",\"url\":\"https:\/\/zaro.nl\/de\/chalet-kaufen\/6-personen-chalet\/\",\"name\":\"6-Personen-Chalet - Zaro\",\"isPartOf\":{\"@id\":\"https:\/\/zaro.nl\/#website\"},\"primaryImageOfPage\":{\"@id\":\"https:\/\/zaro.nl\/de\/chalet-kaufen\/6-personen-chalet\/#primaryimage\"},\"image\":{\"@id\":\"https:\/\/zaro.nl\/de\/chalet-kaufen\/6-personen-chalet\/#primaryimage\"},\"thumbnailUrl\":\"https:\/\/zaro.nl\/wp-content\/uploads\/2024\/04\/image34.png\",\"datePublished\":\"2024-04-03T21:01:42+00:00\",\"dateModified\":\"2024-05-12T16:55:09+00:00\",\"breadcrumb\":{\"@id\":\"https:\/\/zaro.nl\/de\/chalet-kaufen\/6-personen-chalet\/#breadcrumb\"},\"inLanguage\":\"de\",\"potentialAction\":[{\"@type\":\"ReadAction\",\"target\":[\"https:\/\/zaro.nl\/de\/chalet-kaufen\/6-personen-chalet\/\"]}]},{\"@type\":\"ImageObject\",\"inLanguage\":\"de\",\"@id\":\"https:\/\/zaro.nl\/de\/chalet-kaufen\/6-personen-chalet\/#primaryimage\",\"url\":\"https:\/\/zaro.nl\/wp-content\/uploads\/2024\/04\/image34.png\",\"contentUrl\":\"https:\/\/zaro.nl\/wp-content\/uploads\/2024\/04\/image34.png\"},{\"@type\":\"BreadcrumbList\",\"@id\":\"https:\/\/zaro.nl\/de\/chalet-kaufen\/6-personen-chalet\/#breadcrumb\",\"itemListElement\":[{\"@type\":\"ListItem\",\"position\":1,\"name\":\"Home\",\"item\":\"https:\/\/zaro.nl\/de\/\"},{\"@type\":\"ListItem\",\"position\":2,\"name\":\"Chalet Kaufen\",\"item\":\"https:\/\/zaro.nl\/de\/chalet-kaufen\/\"},{\"@type\":\"ListItem\",\"position\":3,\"name\":\"6-Personen-Chalet\"}]},{\"@type\":\"WebSite\",\"@id\":\"https:\/\/zaro.nl\/#website\",\"url\":\"https:\/\/zaro.nl\/\",\"name\":\"Zaro\",\"description\":\"Chaletbouw\",\"publisher\":{\"@id\":\"https:\/\/zaro.nl\/#organization\"},\"potentialAction\":[{\"@type\":\"SearchAction\",\"target\":{\"@type\":\"EntryPoint\",\"urlTemplate\":\"https:\/\/zaro.nl\/?s={search_term_string}\"},\"query-input\":{\"@type\":\"PropertyValueSpecification\",\"valueRequired\":true,\"valueName\":\"search_term_string\"}}],\"inLanguage\":\"de\"},{\"@type\":\"Organization\",\"@id\":\"https:\/\/zaro.nl\/#organization\",\"name\":\"Zaro\",\"url\":\"https:\/\/zaro.nl\/\",\"logo\":{\"@type\":\"ImageObject\",\"inLanguage\":\"de\",\"@id\":\"https:\/\/zaro.nl\/#\/schema\/logo\/image\/\",\"url\":\"https:\/\/zaro.nl\/wp-content\/uploads\/2024\/04\/cropped-favicon-32x32-1.png\",\"contentUrl\":\"https:\/\/zaro.nl\/wp-content\/uploads\/2024\/04\/cropped-favicon-32x32-1.png\",\"width\":32,\"height\":32,\"caption\":\"Zaro\"},\"image\":{\"@id\":\"https:\/\/zaro.nl\/#\/schema\/logo\/image\/\"}}]}<\/script>\n<!-- \/ Yoast SEO plugin. -->","yoast_head_json":{"title":"6-Personen-Chalet - Zaro","robots":{"index":"index","follow":"follow","max-snippet":"max-snippet:-1","max-image-preview":"max-image-preview:large","max-video-preview":"max-video-preview:-1"},"canonical":"https:\/\/zaro.nl\/de\/chalet-kaufen\/6-personen-chalet\/","og_locale":"de_DE","og_type":"article","og_title":"6-Personen-Chalet - Zaro","og_description":"Ein 6-Personen-Chalet mit drei Schlafzimmern Nehmen wir an, Sie m\u00f6chten ein Chalet kaufen, um es mit Ihrer ganzen Familie zu genie\u00dfen. Dann ist ein 6-Personen-Chalet Ihre L\u00f6sung! Wir bauen ma\u00dfgeschneiderte Chalets nach Ihren W\u00fcnschen. Ein Chalet f\u00fcr 6 Personen kann ab 10 Metern gebaut werden. Es ist auch m\u00f6glich, ein Chalet mit bis zu drei [&hellip;]","og_url":"https:\/\/zaro.nl\/de\/chalet-kaufen\/6-personen-chalet\/","og_site_name":"Zaro","article_modified_time":"2024-05-12T16:55:09+00:00","og_image":[{"url":"https:\/\/zaro.nl\/wp-content\/uploads\/2024\/04\/image34.png","type":"","width":"","height":""}],"twitter_card":"summary_large_image","twitter_misc":{"Gesch\u00e4tzte Lesezeit":"1\u00a0Minute"},"schema":{"@context":"https:\/\/schema.org","@graph":[{"@type":"WebPage","@id":"https:\/\/zaro.nl\/de\/chalet-kaufen\/6-personen-chalet\/","url":"https:\/\/zaro.nl\/de\/chalet-kaufen\/6-personen-chalet\/","name":"6-Personen-Chalet - Zaro","isPartOf":{"@id":"https:\/\/zaro.nl\/#website"},"primaryImageOfPage":{"@id":"https:\/\/zaro.nl\/de\/chalet-kaufen\/6-personen-chalet\/#primaryimage"},"image":{"@id":"https:\/\/zaro.nl\/de\/chalet-kaufen\/6-personen-chalet\/#primaryimage"},"thumbnailUrl":"https:\/\/zaro.nl\/wp-content\/uploads\/2024\/04\/image34.png","datePublished":"2024-04-03T21:01:42+00:00","dateModified":"2024-05-12T16:55:09+00:00","breadcrumb":{"@id":"https:\/\/zaro.nl\/de\/chalet-kaufen\/6-personen-chalet\/#breadcrumb"},"inLanguage":"de","potentialAction":[{"@type":"ReadAction","target":["https:\/\/zaro.nl\/de\/chalet-kaufen\/6-personen-chalet\/"]}]},{"@type":"ImageObject","inLanguage":"de","@id":"https:\/\/zaro.nl\/de\/chalet-kaufen\/6-personen-chalet\/#primaryimage","url":"https:\/\/zaro.nl\/wp-content\/uploads\/2024\/04\/image34.png","contentUrl":"https:\/\/zaro.nl\/wp-content\/uploads\/2024\/04\/image34.png"},{"@type":"BreadcrumbList","@id":"https:\/\/zaro.nl\/de\/chalet-kaufen\/6-personen-chalet\/#breadcrumb","itemListElement":[{"@type":"ListItem","position":1,"name":"Home","item":"https:\/\/zaro.nl\/de\/"},{"@type":"ListItem","position":2,"name":"Chalet Kaufen","item":"https:\/\/zaro.nl\/de\/chalet-kaufen\/"},{"@type":"ListItem","position":3,"name":"6-Personen-Chalet"}]},{"@type":"WebSite","@id":"https:\/\/zaro.nl\/#website","url":"https:\/\/zaro.nl\/","name":"Zaro","description":"Chaletbouw","publisher":{"@id":"https:\/\/zaro.nl\/#organization"},"potentialAction":[{"@type":"SearchAction","target":{"@type":"EntryPoint","urlTemplate":"https:\/\/zaro.nl\/?s={search_term_string}"},"query-input":{"@type":"PropertyValueSpecification","valueRequired":true,"valueName":"search_term_string"}}],"inLanguage":"de"},{"@type":"Organization","@id":"https:\/\/zaro.nl\/#organization","name":"Zaro","url":"https:\/\/zaro.nl\/","logo":{"@type":"ImageObject","inLanguage":"de","@id":"https:\/\/zaro.nl\/#\/schema\/logo\/image\/","url":"https:\/\/zaro.nl\/wp-content\/uploads\/2024\/04\/cropped-favicon-32x32-1.png","contentUrl":"https:\/\/zaro.nl\/wp-content\/uploads\/2024\/04\/cropped-favicon-32x32-1.png","width":32,"height":32,"caption":"Zaro"},"image":{"@id":"https:\/\/zaro.nl\/#\/schema\/logo\/image\/"}}]}},"_links":{"self":[{"href":"https:\/\/zaro.nl\/de\/wp-json\/wp\/v2\/pages\/1020","targetHints":{"allow":["GET"]}}],"collection":[{"href":"https:\/\/zaro.nl\/de\/wp-json\/wp\/v2\/pages"}],"about":[{"href":"https:\/\/zaro.nl\/de\/wp-json\/wp\/v2\/types\/page"}],"author":[{"embeddable":true,"href":"https:\/\/zaro.nl\/de\/wp-json\/wp\/v2\/users\/1"}],"replies":[{"embeddable":true,"href":"https:\/\/zaro.nl\/de\/wp-json\/wp\/v2\/comments?post=1020"}],"version-history":[{"count":0,"href":"https:\/\/zaro.nl\/de\/wp-json\/wp\/v2\/pages\/1020\/revisions"}],"up":[{"embeddable":true,"href":"https:\/\/zaro.nl\/de\/wp-json\/wp\/v2\/pages\/1004"}],"wp:attachment":[{"href":"https:\/\/zaro.nl\/de\/wp-json\/wp\/v2\/media?parent=1020"}],"curies":[{"name":"wp","href":"https:\/\/api.w.org\/{rel}","templated":true}]}}