{"id":1004,"date":"2024-05-12T15:34:05","date_gmt":"2024-05-12T15:34:05","guid":{"rendered":"https:\/\/zaro.nl\/chalet-kaufen\/"},"modified":"2024-06-11T07:33:24","modified_gmt":"2024-06-11T07:33:24","slug":"chalet-kaufen","status":"publish","type":"page","link":"https:\/\/zaro.nl\/de\/chalet-kaufen\/","title":{"rendered":"Chalet Kaufen"},"content":{"rendered":"<style>.elementor-1004 .elementor-element.elementor-element-3bf354d6 > .elementor-container > .elementor-column > .elementor-widget-wrap{align-content:center;align-items:center;}.elementor-1004 .elementor-element.elementor-element-3bf354d6:not(.elementor-motion-effects-element-type-background), .elementor-1004 .elementor-element.elementor-element-3bf354d6 > .elementor-motion-effects-container > .elementor-motion-effects-layer{background-image:url(\"https:\/\/zaro.nl\/wp-content\/uploads\/2024\/03\/Chalet-familie-ettema-3-2-e1574508637452.jpg\");background-position:0px 75%;background-repeat:no-repeat;background-size:cover;}.elementor-1004 .elementor-element.elementor-element-3bf354d6 > .elementor-background-overlay{background-color:#101010;opacity:0.4;transition:background 0.3s, border-radius 0.3s, opacity 0.3s;}.elementor-1004 .elementor-element.elementor-element-3bf354d6{transition:background 0.3s, border 0.3s, border-radius 0.3s, box-shadow 0.3s;margin-top:-86px;margin-bottom:0px;padding:170px 0px 100px 0px;}.elementor-1004 .elementor-element.elementor-element-65409db4 > .elementor-element-populated{padding:0px 0px 0px 0px;}.elementor-1004 .elementor-element.elementor-element-68b8cafc{text-align:start;}.elementor-1004 .elementor-element.elementor-element-68b8cafc .elementor-heading-title{font-family:var( --e-global-typography-secondary-font-family ), Sans-serif;font-size:var( --e-global-typography-secondary-font-size );font-weight:var( --e-global-typography-secondary-font-weight );color:#FFFFFF;}.elementor-1004 .elementor-element.elementor-element-52578a2c.elementor-column > .elementor-widget-wrap{justify-content:center;}.elementor-1004 .elementor-element.elementor-element-52578a2c > .elementor-element-populated{margin:250px 0px 0px 0px;--e-column-margin-right:0px;--e-column-margin-left:0px;padding:0px 10px 0px 10px;}.elementor-1004 .elementor-element.elementor-element-605f741e{padding:50px 0px 50px 0px;}.elementor-bc-flex-widget .elementor-1004 .elementor-element.elementor-element-3ec25725.elementor-column .elementor-widget-wrap{align-items:center;}.elementor-1004 .elementor-element.elementor-element-3ec25725.elementor-column.elementor-element[data-element_type=\"column\"] > .elementor-widget-wrap.elementor-element-populated{align-content:center;align-items:center;}.elementor-1004 .elementor-element.elementor-element-3ec25725 > .elementor-element-populated{margin:0px 0px 0px 0px;--e-column-margin-right:0px;--e-column-margin-left:0px;}.elementor-1004 .elementor-element.elementor-element-d1c6d0f .elementor-button{background-color:var( --e-global-color-accent );font-family:var( --e-global-typography-3a551c0-font-family ), Sans-serif;font-size:var( --e-global-typography-3a551c0-font-size );font-weight:var( --e-global-typography-3a551c0-font-weight );fill:#FFFFFF;color:#FFFFFF;border-radius:5px 5px 5px 5px;padding:18px 32px 18px 32px;}.elementor-1004 .elementor-element.elementor-element-d1c6d0f > .elementor-widget-container{margin:0px 0px 0px 0px;}@media(max-width:1024px){.elementor-1004 .elementor-element.elementor-element-3bf354d6:not(.elementor-motion-effects-element-type-background), .elementor-1004 .elementor-element.elementor-element-3bf354d6 > .elementor-motion-effects-container > .elementor-motion-effects-layer{background-position:0px 0px;}.elementor-1004 .elementor-element.elementor-element-65409db4 > .elementor-element-populated{margin:0px 0px 0px 15px;--e-column-margin-right:0px;--e-column-margin-left:15px;}.elementor-1004 .elementor-element.elementor-element-68b8cafc .elementor-heading-title{font-size:var( --e-global-typography-secondary-font-size );}.elementor-1004 .elementor-element.elementor-element-52578a2c.elementor-column > .elementor-widget-wrap{justify-content:flex-end;}.elementor-1004 .elementor-element.elementor-element-52578a2c > .elementor-element-populated{padding:0px 20px 0px 0px;}.elementor-1004 .elementor-element.elementor-element-605f741e{padding:100px 15px 100px 15px;}.elementor-1004 .elementor-element.elementor-element-3ec25725 > .elementor-element-populated{margin:20px 0px 0px 0px;--e-column-margin-right:0px;--e-column-margin-left:0px;padding:0px 0px 0px 0px;}.elementor-1004 .elementor-element.elementor-element-d1c6d0f .elementor-button{font-size:var( --e-global-typography-3a551c0-font-size );}}@media(max-width:767px){.elementor-1004 .elementor-element.elementor-element-3bf354d6:not(.elementor-motion-effects-element-type-background), .elementor-1004 .elementor-element.elementor-element-3bf354d6 > .elementor-motion-effects-container > .elementor-motion-effects-layer{background-position:0px 0px;}.elementor-1004 .elementor-element.elementor-element-3bf354d6{padding:150px 10px 80px 10px;}.elementor-1004 .elementor-element.elementor-element-65409db4 > .elementor-element-populated{margin:0px 0px 0px 0px;--e-column-margin-right:0px;--e-column-margin-left:0px;}.elementor-1004 .elementor-element.elementor-element-68b8cafc .elementor-heading-title{font-size:var( --e-global-typography-secondary-font-size );}.elementor-1004 .elementor-element.elementor-element-52578a2c.elementor-column > .elementor-widget-wrap{justify-content:flex-end;}.elementor-1004 .elementor-element.elementor-element-52578a2c > .elementor-element-populated{margin:60px 15px 0px 0px;--e-column-margin-right:15px;--e-column-margin-left:0px;padding:0px 0px 0px 0px;}.elementor-1004 .elementor-element.elementor-element-605f741e{padding:100px 10px 100px 10px;}.elementor-1004 .elementor-element.elementor-element-3ec25725 > .elementor-element-populated{margin:20px 0px 20px 0px;--e-column-margin-right:0px;--e-column-margin-left:0px;padding:0px 0px 0px 0px;}.elementor-1004 .elementor-element.elementor-element-d1c6d0f > .elementor-widget-container{margin:20px 0px 0px 0px;}.elementor-1004 .elementor-element.elementor-element-d1c6d0f .elementor-button{font-size:var( --e-global-typography-3a551c0-font-size );}}@media(min-width:768px){.elementor-1004 .elementor-element.elementor-element-65409db4{width:65.659%;}.elementor-1004 .elementor-element.elementor-element-52578a2c{width:34.302%;}}@media(max-width:1024px) and (min-width:768px){.elementor-1004 .elementor-element.elementor-element-3ec25725{width:100%;}}<\/style>\t\t<div data-elementor-type=\"wp-page\" data-elementor-id=\"1004\" class=\"elementor elementor-1004\" data-elementor-post-type=\"page\">\n\t\t\t\t\t\t<section class=\"elementor-section elementor-top-section elementor-element elementor-element-3bf354d6 elementor-section-content-middle elementor-section-boxed elementor-section-height-default elementor-section-height-default\" data-id=\"3bf354d6\" data-element_type=\"section\" data-settings=\"{&quot;background_background&quot;:&quot;classic&quot;}\">\n\t\t\t\t\t\t\t<div class=\"elementor-background-overlay\"><\/div>\n\t\t\t\t\t\t\t<div class=\"elementor-container elementor-column-gap-default\">\n\t\t\t\t\t<div class=\"elementor-column elementor-col-50 elementor-top-column elementor-element elementor-element-65409db4\" data-id=\"65409db4\" data-element_type=\"column\">\n\t\t\t<div class=\"elementor-widget-wrap elementor-element-populated\">\n\t\t\t\t\t\t\t<\/div>\n\t\t<\/div>\n\t\t\t\t<div class=\"elementor-column elementor-col-50 elementor-top-column elementor-element elementor-element-52578a2c\" data-id=\"52578a2c\" data-element_type=\"column\">\n\t\t\t<div class=\"elementor-widget-wrap\">\n\t\t\t\t\t\t\t<\/div>\n\t\t<\/div>\n\t\t\t\t\t<\/div>\n\t\t<\/section>\n\t\t\t\t<section class=\"elementor-section elementor-top-section elementor-element elementor-element-605f741e elementor-section-boxed elementor-section-height-default elementor-section-height-default\" data-id=\"605f741e\" data-element_type=\"section\">\n\t\t\t\t\t\t<div class=\"elementor-container elementor-column-gap-default\">\n\t\t\t\t\t<div class=\"elementor-column elementor-col-100 elementor-top-column elementor-element elementor-element-3ec25725\" data-id=\"3ec25725\" data-element_type=\"column\">\n\t\t\t<div class=\"elementor-widget-wrap elementor-element-populated\">\n\t\t\t\t\t\t<div class=\"elementor-element elementor-element-4ed72a6 elementor-widget elementor-widget-text-editor\" data-id=\"4ed72a6\" data-element_type=\"widget\" data-widget_type=\"text-editor.default\">\n\t\t\t\t<div class=\"elementor-widget-container\">\n\t\t\t\t\t\t\t\t\t<h3>NEUES CHALET IN VERSCHIEDENEN TYPEN UND AUSF\u00dcHRUNGEN KAUFEN<\/h3>\n<h3>Chalet Kaufen<\/h3>\n<p>Ein Chalet zu kaufen ist nicht so einfach. Schlie\u00dflich muss man sich im Vorfeld \u00fcber mehrere Komponenten Gedanken machen. Wie sind die Abmessungen? Welchen Typ m\u00f6chten Sie? In welcher Ausf\u00fchrung? Der Grundriss des Chalets?     <\/p>\n<p>Wenn Sie sich f\u00fcr den Kauf eines Chalets bei uns und damit f\u00fcr den Bau durch uns entscheiden, vereinbaren wir einen Termin, bei dem wir Ihre Anforderungen und Bed\u00fcrfnisse genau besprechen und bei der Planung ber\u00fccksichtigen. Das gilt auch f\u00fcr den Grundriss des Chalets. Denn wir richten uns bei der endg\u00fcltigen Gestaltung nach Ihren W\u00fcnschen und Anforderungen, damit wir gemeinsam ein Chalet schaffen, das perfekt zu Ihnen passt!  <\/p>\n<h3><strong>Gestaltung unserer Chalets<\/strong><\/h3>\n<p>Unsere Chalets sind immer standardm\u00e4\u00dfig ausgestattet mit:<\/p>\n<ul>\n<li>Ein hochbelastbares Fahrgestell aus IPE-Tr\u00e4gern mit einer Doppelachse und vier R\u00e4dern<\/li>\n<li>Fassadenpaneele aus Novicell-Kunststoff in verschiedenen Farben und mit geringem Wartungsaufwand<\/li>\n<li>Gro\u00dfz\u00fcgige Dachrinnen anthrazitfarben mit wei\u00dfen 80mm-Regenwasserabl\u00e4ufen<\/li>\n<li>Anthrazitfarbene Dachziegel<\/li>\n<li>Wei\u00dfe Kunststoff-Fensterrahmen mit HR+ Doppelverglasung: Dicke 28 mm<\/li>\n<li>Eingangst\u00fcr und WC mit bearbeitetem Glas<\/li>\n<li>Badezimmer mit einer Duschkabine, einer Toilette und einem Waschbecken aus Hartglas<\/li>\n<li>Doppelte Gartenschiebet\u00fcren<\/li>\n<li>Auswahl an Frontfenstern aus: Halbhohe, gro\u00dfe Doppelfenster, Frontfenster mit Erker und zwei zu \u00f6ffnende Seitenfenster<\/li>\n<li>W\u00e4nde aus Schaumstoff Vinyl (wasserdicht)<\/li>\n<li>Zu \u00f6ffnendes Fenster im Wohnzimmer<\/li>\n<li>Fenster in der K\u00fcche \u00f6ffnen<\/li>\n<li>Fenster zum \u00d6ffnen im Dusch- und WC-Bereich<\/li>\n<li>Fenster zum \u00d6ffnen oder Fl\u00fcgelfenster in Schlafzimmern<br \/>Wei\u00dfe glatte Innent\u00fcren (Rahmen 70 mm in wei\u00df)<\/li>\n<li>M\u00f6blierung des Chalets nach freier Wahl, \u00c4nderungen vorbehalten.<\/li>\n<li>Bodenbelag Abriebfestes Vinyl S6053<\/li>\n<li>Zwei Schlafzimmer<\/li>\n<li>Eine wei\u00dfe K\u00fcche mit Edelstahlgriff, Farbe der Arbeitsplatte 7919 TC<\/li>\n<li>K\u00fcche mit Edelstahlsp\u00fcle, Dunstabzugshaube und vierflammigem Kochfeld<\/li>\n<li>Automatischer Geysir (ohne Z\u00fcndflamme)<\/li>\n<li>Freie Steckdosen (sechs St\u00fcck)<\/li>\n<li>Lichtpunkte in allen R\u00e4umen<\/li>\n<li>Zwei Leistungsgruppen + RCD<\/li>\n<li>Gute Isolierung f\u00fcr den saisonalen Einsatz<\/li>\n<li>Gas- und Wasserleitungen unter dem Chalet<\/li>\n<li>Transport, Aufstellung und Regalierung innerhalb der Niederlande (ohne Wattenmeer, ohne Krankosten f\u00fcr Sondertransportparkausschuss)<\/li>\n<\/ul>\n<h2>Kontakt aufnehmen<\/h2>\n<p>Sind Sie von den verschiedenen M\u00f6glichkeiten begeistert und m\u00f6chten Sie mehr wissen? Kontaktieren Sie uns oder fordern Sie unsere Brosch\u00fcre an!<\/p>\n\t\t\t\t\t\t\t\t<\/div>\n\t\t\t\t<\/div>\n\t\t\t\t<div class=\"elementor-element elementor-element-d1c6d0f elementor-align-center elementor-mobile-align-center elementor-widget elementor-widget-button\" data-id=\"d1c6d0f\" data-element_type=\"widget\" data-widget_type=\"button.default\">\n\t\t\t\t<div class=\"elementor-widget-container\">\n\t\t\t\t\t\t\t\t\t<div class=\"elementor-button-wrapper\">\n\t\t\t\t\t<a class=\"elementor-button elementor-button-link elementor-size-sm elementor-animation-shrink\" href=\"https:\/\/zaro.nl\/contact\/\">\n\t\t\t\t\t\t<span class=\"elementor-button-content-wrapper\">\n\t\t\t\t\t\t\t\t\t<span class=\"elementor-button-text\">Kontakt<\/span>\n\t\t\t\t\t<\/span>\n\t\t\t\t\t<\/a>\n\t\t\t\t<\/div>\n\t\t\t\t\t\t\t\t<\/div>\n\t\t\t\t<\/div>\n\t\t\t\t\t<\/div>\n\t\t<\/div>\n\t\t\t\t\t<\/div>\n\t\t<\/section>\n\t\t\t\t<\/div>\n\t\t","protected":false},"excerpt":{"rendered":"<p>NEUES CHALET IN VERSCHIEDENEN TYPEN UND AUSF\u00dcHRUNGEN KAUFEN Chalet Kaufen Ein Chalet zu kaufen ist nicht so einfach. Schlie\u00dflich muss man sich im Vorfeld \u00fcber mehrere Komponenten Gedanken machen. Wie sind die Abmessungen? Welchen Typ m\u00f6chten Sie? In welcher Ausf\u00fchrung? Der Grundriss des Chalets? Wenn Sie sich f\u00fcr den Kauf eines Chalets bei uns und [&hellip;]<\/p>\n","protected":false},"author":1,"featured_media":1379,"parent":0,"menu_order":0,"comment_status":"closed","ping_status":"closed","template":"elementor_header_footer","meta":{"footnotes":""},"class_list":["post-1004","page","type-page","status-publish","has-post-thumbnail","hentry"],"yoast_head":"<!-- This site is optimized with the Yoast SEO plugin v26.8 - https:\/\/yoast.com\/product\/yoast-seo-wordpress\/ -->\n<title>Chalet Kaufen - Zaro<\/title>\n<meta name=\"description\" content=\"M\u00f6chten Sie ein Chalet kaufen? Wir von Zaro Chaletbouw helfen Ihnen gerne weiter! Mit mehr als 30 Jahren Erfahrung im Chaletbau.\" \/>\n<meta name=\"robots\" content=\"index, follow, max-snippet:-1, max-image-preview:large, max-video-preview:-1\" \/>\n<link rel=\"canonical\" href=\"https:\/\/zaro.nl\/de\/chalet-kaufen\/\" \/>\n<meta property=\"og:locale\" content=\"de_DE\" \/>\n<meta property=\"og:type\" content=\"article\" \/>\n<meta property=\"og:title\" content=\"Chalet Kaufen - Zaro\" \/>\n<meta property=\"og:description\" content=\"M\u00f6chten Sie ein Chalet kaufen? Wir von Zaro Chaletbouw helfen Ihnen gerne weiter! Mit mehr als 30 Jahren Erfahrung im Chaletbau.\" \/>\n<meta property=\"og:url\" content=\"https:\/\/zaro.nl\/de\/chalet-kaufen\/\" \/>\n<meta property=\"og:site_name\" content=\"Zaro\" \/>\n<meta property=\"article:modified_time\" content=\"2024-06-11T07:33:24+00:00\" \/>\n<meta property=\"og:image\" content=\"https:\/\/zaro.nl\/wp-content\/uploads\/2024\/05\/6287AA21-6489-4B16-8ABD-344C8BA986F2.jpg\" \/>\n\t<meta property=\"og:image:width\" content=\"1440\" \/>\n\t<meta property=\"og:image:height\" content=\"1440\" \/>\n\t<meta property=\"og:image:type\" content=\"image\/jpeg\" \/>\n<meta name=\"twitter:card\" content=\"summary_large_image\" \/>\n<meta name=\"twitter:label1\" content=\"Gesch\u00e4tzte Lesezeit\" \/>\n\t<meta name=\"twitter:data1\" content=\"2\u00a0Minuten\" \/>\n<script type=\"application\/ld+json\" class=\"yoast-schema-graph\">{\"@context\":\"https:\/\/schema.org\",\"@graph\":[{\"@type\":\"WebPage\",\"@id\":\"https:\/\/zaro.nl\/de\/chalet-kaufen\/\",\"url\":\"https:\/\/zaro.nl\/de\/chalet-kaufen\/\",\"name\":\"Chalet Kaufen - Zaro\",\"isPartOf\":{\"@id\":\"https:\/\/zaro.nl\/#website\"},\"primaryImageOfPage\":{\"@id\":\"https:\/\/zaro.nl\/de\/chalet-kaufen\/#primaryimage\"},\"image\":{\"@id\":\"https:\/\/zaro.nl\/de\/chalet-kaufen\/#primaryimage\"},\"thumbnailUrl\":\"https:\/\/zaro.nl\/wp-content\/uploads\/2024\/05\/6287AA21-6489-4B16-8ABD-344C8BA986F2.jpg\",\"datePublished\":\"2024-05-12T15:34:05+00:00\",\"dateModified\":\"2024-06-11T07:33:24+00:00\",\"description\":\"M\u00f6chten Sie ein Chalet kaufen? Wir von Zaro Chaletbouw helfen Ihnen gerne weiter! Mit mehr als 30 Jahren Erfahrung im Chaletbau.\",\"breadcrumb\":{\"@id\":\"https:\/\/zaro.nl\/de\/chalet-kaufen\/#breadcrumb\"},\"inLanguage\":\"de\",\"potentialAction\":[{\"@type\":\"ReadAction\",\"target\":[\"https:\/\/zaro.nl\/de\/chalet-kaufen\/\"]}]},{\"@type\":\"ImageObject\",\"inLanguage\":\"de\",\"@id\":\"https:\/\/zaro.nl\/de\/chalet-kaufen\/#primaryimage\",\"url\":\"https:\/\/zaro.nl\/wp-content\/uploads\/2024\/05\/6287AA21-6489-4B16-8ABD-344C8BA986F2.jpg\",\"contentUrl\":\"https:\/\/zaro.nl\/wp-content\/uploads\/2024\/05\/6287AA21-6489-4B16-8ABD-344C8BA986F2.jpg\",\"width\":1440,\"height\":1440,\"caption\":\"Chalet kopen\"},{\"@type\":\"BreadcrumbList\",\"@id\":\"https:\/\/zaro.nl\/de\/chalet-kaufen\/#breadcrumb\",\"itemListElement\":[{\"@type\":\"ListItem\",\"position\":1,\"name\":\"Home\",\"item\":\"https:\/\/zaro.nl\/de\/\"},{\"@type\":\"ListItem\",\"position\":2,\"name\":\"Chalet Kaufen\"}]},{\"@type\":\"WebSite\",\"@id\":\"https:\/\/zaro.nl\/#website\",\"url\":\"https:\/\/zaro.nl\/\",\"name\":\"Zaro\",\"description\":\"Chaletbouw\",\"publisher\":{\"@id\":\"https:\/\/zaro.nl\/#organization\"},\"potentialAction\":[{\"@type\":\"SearchAction\",\"target\":{\"@type\":\"EntryPoint\",\"urlTemplate\":\"https:\/\/zaro.nl\/?s={search_term_string}\"},\"query-input\":{\"@type\":\"PropertyValueSpecification\",\"valueRequired\":true,\"valueName\":\"search_term_string\"}}],\"inLanguage\":\"de\"},{\"@type\":\"Organization\",\"@id\":\"https:\/\/zaro.nl\/#organization\",\"name\":\"Zaro\",\"url\":\"https:\/\/zaro.nl\/\",\"logo\":{\"@type\":\"ImageObject\",\"inLanguage\":\"de\",\"@id\":\"https:\/\/zaro.nl\/#\/schema\/logo\/image\/\",\"url\":\"https:\/\/zaro.nl\/wp-content\/uploads\/2024\/04\/cropped-favicon-32x32-1.png\",\"contentUrl\":\"https:\/\/zaro.nl\/wp-content\/uploads\/2024\/04\/cropped-favicon-32x32-1.png\",\"width\":32,\"height\":32,\"caption\":\"Zaro\"},\"image\":{\"@id\":\"https:\/\/zaro.nl\/#\/schema\/logo\/image\/\"}}]}<\/script>\n<!-- \/ Yoast SEO plugin. -->","yoast_head_json":{"title":"Chalet Kaufen - Zaro","description":"M\u00f6chten Sie ein Chalet kaufen? Wir von Zaro Chaletbouw helfen Ihnen gerne weiter! Mit mehr als 30 Jahren Erfahrung im Chaletbau.","robots":{"index":"index","follow":"follow","max-snippet":"max-snippet:-1","max-image-preview":"max-image-preview:large","max-video-preview":"max-video-preview:-1"},"canonical":"https:\/\/zaro.nl\/de\/chalet-kaufen\/","og_locale":"de_DE","og_type":"article","og_title":"Chalet Kaufen - Zaro","og_description":"M\u00f6chten Sie ein Chalet kaufen? Wir von Zaro Chaletbouw helfen Ihnen gerne weiter! Mit mehr als 30 Jahren Erfahrung im Chaletbau.","og_url":"https:\/\/zaro.nl\/de\/chalet-kaufen\/","og_site_name":"Zaro","article_modified_time":"2024-06-11T07:33:24+00:00","og_image":[{"width":1440,"height":1440,"url":"https:\/\/zaro.nl\/wp-content\/uploads\/2024\/05\/6287AA21-6489-4B16-8ABD-344C8BA986F2.jpg","type":"image\/jpeg"}],"twitter_card":"summary_large_image","twitter_misc":{"Gesch\u00e4tzte Lesezeit":"2\u00a0Minuten"},"schema":{"@context":"https:\/\/schema.org","@graph":[{"@type":"WebPage","@id":"https:\/\/zaro.nl\/de\/chalet-kaufen\/","url":"https:\/\/zaro.nl\/de\/chalet-kaufen\/","name":"Chalet Kaufen - Zaro","isPartOf":{"@id":"https:\/\/zaro.nl\/#website"},"primaryImageOfPage":{"@id":"https:\/\/zaro.nl\/de\/chalet-kaufen\/#primaryimage"},"image":{"@id":"https:\/\/zaro.nl\/de\/chalet-kaufen\/#primaryimage"},"thumbnailUrl":"https:\/\/zaro.nl\/wp-content\/uploads\/2024\/05\/6287AA21-6489-4B16-8ABD-344C8BA986F2.jpg","datePublished":"2024-05-12T15:34:05+00:00","dateModified":"2024-06-11T07:33:24+00:00","description":"M\u00f6chten Sie ein Chalet kaufen? Wir von Zaro Chaletbouw helfen Ihnen gerne weiter! Mit mehr als 30 Jahren Erfahrung im Chaletbau.","breadcrumb":{"@id":"https:\/\/zaro.nl\/de\/chalet-kaufen\/#breadcrumb"},"inLanguage":"de","potentialAction":[{"@type":"ReadAction","target":["https:\/\/zaro.nl\/de\/chalet-kaufen\/"]}]},{"@type":"ImageObject","inLanguage":"de","@id":"https:\/\/zaro.nl\/de\/chalet-kaufen\/#primaryimage","url":"https:\/\/zaro.nl\/wp-content\/uploads\/2024\/05\/6287AA21-6489-4B16-8ABD-344C8BA986F2.jpg","contentUrl":"https:\/\/zaro.nl\/wp-content\/uploads\/2024\/05\/6287AA21-6489-4B16-8ABD-344C8BA986F2.jpg","width":1440,"height":1440,"caption":"Chalet kopen"},{"@type":"BreadcrumbList","@id":"https:\/\/zaro.nl\/de\/chalet-kaufen\/#breadcrumb","itemListElement":[{"@type":"ListItem","position":1,"name":"Home","item":"https:\/\/zaro.nl\/de\/"},{"@type":"ListItem","position":2,"name":"Chalet Kaufen"}]},{"@type":"WebSite","@id":"https:\/\/zaro.nl\/#website","url":"https:\/\/zaro.nl\/","name":"Zaro","description":"Chaletbouw","publisher":{"@id":"https:\/\/zaro.nl\/#organization"},"potentialAction":[{"@type":"SearchAction","target":{"@type":"EntryPoint","urlTemplate":"https:\/\/zaro.nl\/?s={search_term_string}"},"query-input":{"@type":"PropertyValueSpecification","valueRequired":true,"valueName":"search_term_string"}}],"inLanguage":"de"},{"@type":"Organization","@id":"https:\/\/zaro.nl\/#organization","name":"Zaro","url":"https:\/\/zaro.nl\/","logo":{"@type":"ImageObject","inLanguage":"de","@id":"https:\/\/zaro.nl\/#\/schema\/logo\/image\/","url":"https:\/\/zaro.nl\/wp-content\/uploads\/2024\/04\/cropped-favicon-32x32-1.png","contentUrl":"https:\/\/zaro.nl\/wp-content\/uploads\/2024\/04\/cropped-favicon-32x32-1.png","width":32,"height":32,"caption":"Zaro"},"image":{"@id":"https:\/\/zaro.nl\/#\/schema\/logo\/image\/"}}]}},"_links":{"self":[{"href":"https:\/\/zaro.nl\/de\/wp-json\/wp\/v2\/pages\/1004","targetHints":{"allow":["GET"]}}],"collection":[{"href":"https:\/\/zaro.nl\/de\/wp-json\/wp\/v2\/pages"}],"about":[{"href":"https:\/\/zaro.nl\/de\/wp-json\/wp\/v2\/types\/page"}],"author":[{"embeddable":true,"href":"https:\/\/zaro.nl\/de\/wp-json\/wp\/v2\/users\/1"}],"replies":[{"embeddable":true,"href":"https:\/\/zaro.nl\/de\/wp-json\/wp\/v2\/comments?post=1004"}],"version-history":[{"count":4,"href":"https:\/\/zaro.nl\/de\/wp-json\/wp\/v2\/pages\/1004\/revisions"}],"predecessor-version":[{"id":1761,"href":"https:\/\/zaro.nl\/de\/wp-json\/wp\/v2\/pages\/1004\/revisions\/1761"}],"wp:featuredmedia":[{"embeddable":true,"href":"https:\/\/zaro.nl\/de\/wp-json\/wp\/v2\/media\/1379"}],"wp:attachment":[{"href":"https:\/\/zaro.nl\/de\/wp-json\/wp\/v2\/media?parent=1004"}],"curies":[{"name":"wp","href":"https:\/\/api.w.org\/{rel}","templated":true}]}}